{"id":318,"date":"2018-10-13T16:33:22","date_gmt":"2018-10-13T19:33:22","guid":{"rendered":"http:\/\/locomociontv.org\/?page_id=318"},"modified":"2021-10-06T20:21:42","modified_gmt":"2021-10-06T23:21:42","slug":"rss-club","status":"publish","type":"page","link":"https:\/\/locomociontv.org\/?page_id=318","title":{"rendered":"RSS Club &#8211; El lugar donde la info corre"},"content":{"rendered":"<p>Una herramienta tan poderosa que algunos medios, a\u00fan algunos aternativos, pretenden ocultar por no entenderla. Los RSS a veces son tan exclusivos que ameritan su propio Club.<br \/>A los amigos de los medios, no se impacientes, vamos a agregar a todxs.<br \/>Sean Bienvenidos al <em><strong>RSS CLUB<\/strong><\/em>.<\/p>\n<p>Medios Amigos, cercanos o que nos interesan por algo:<\/p>\n<ul>\n<li><a href=\"http:\/\/www.locomociontv.org\/?p=18240\" target=\"_blank\" rel=\"noopener noreferrer\"><em><strong>ADN Sur<\/strong><\/em><\/a><\/li>\n<li><a href=\"http:\/\/www.locomociontv.org\/?p=19097\" target=\"_blank\" rel=\"noopener noreferrer\"><em><strong>ANRed<\/strong><\/em><\/a><\/li>\n<li><a href=\"https:\/\/locomociontv.org\/?page_id=20963\" target=\"_blank\" rel=\"noopener\"><strong><em>Barricada TV<\/em><\/strong><\/a><\/li>\n<li><a href=\"http:\/\/locomociontv.org\/?page_id=18279\" target=\"_blank\" rel=\"noopener\"><em><strong>Profesor Juan Carlos S\u00e1nchez<\/strong><\/em><\/a><\/li>\n<li><a href=\"http:\/\/www.locomociontv.org\/?p=18256\" target=\"_blank\" rel=\"noopener\"><em><strong>La Izquierda Diario<\/strong><\/em><\/a><\/li>\n<li><a href=\"https:\/\/locomociontv.org\/?page_id=20949\" target=\"_blank\" rel=\"noopener\"><em><strong>Partido por la Revoluci\u00f3n Socialista en Argentina<\/strong><\/em><\/a><\/li>\n<li><a href=\"https:\/\/locomociontv.org\/?page_id=21014\"><em><strong>Prosa Urgente<\/strong><\/em><\/a><\/li>\n<li><em><strong>RNMA<\/strong><\/em><\/li>\n<\/ul>\n\n\n<!--nextpage-->\n\n\n\n<h2 class=\"wp-block-heading\">Google News Argentina (\u00daltimas 10)<\/h2>\n\n\n<ul class=\"has-dates has-authors has-excerpts wp-block-rss\"><li class='wp-block-rss__item'><div class='wp-block-rss__item-title'><a href='https:\/\/news.google.com\/rss\/articles\/CBMi4gFBVV95cUxOYkdpdE9RZjNnYTZNUXRjTVVjYnNFcVFjdWNqVVBXZHFpRXVhZWZUcTB1Y0xzdVZlZWZodk1VeXhMTGZmem9WLXNMVG5TS0prYnBHMV9idzVCdmZDbExkM0t1aVJXbWtCeE5salh2M1daTmpnS3FSOUpXbDZ6WU9kel9mTk0xNmp2d2VadG1UTFl5cjhMY3EtR3JFQ3NZeVlvOE5SWnUzT2xUTzlvbHRxUTliaHNGU3haVjIwUEY2cTQ2clhhdlpHdjNLRnZwU1N1aG9DZzIycW5Uc01WYTV3RE5B?oc=5'>Solo en Off: las grietas abiertas de la Casa Rosada, en los rincones por donde no pasa Milei &#8211; La Naci\u00f3n<\/a><\/div><time datetime=\"2026-04-20T00:01:00-03:00\" class=\"wp-block-rss__item-publish-date\">20\/04\/2026<\/time> <div class=\"wp-block-rss__item-excerpt\">Solo en Off: las grietas abiertas de la Casa Rosada, en los rincones por donde no pasa Milei\u00a0\u00a0La Naci\u00f3n<\/div><\/li><li class='wp-block-rss__item'><div class='wp-block-rss__item-title'><a href='https:\/\/news.google.com\/rss\/articles\/CBMi2AFBVV95cUxPSTZUNG9yZDlkVDJQRjFMdmRULTB6c1N3Szl3YURvZkFBbjVEcHRDblJYejVuZThhS0JaMTJmMHYzOG0tdm5HMTdYTGt6OGNoMVh2U1l5SnJHY1dkVzM2NVRKMV9VdkhTLXRKZGpWYXhhVFZaZ1puQy1Hd3BkZGxrVXFjTXZaTURUOE0tbTNqNlB2LWhlT0ZBbTcxOXZvanhsVWZtQWhaWUZYZEJwVkY4MDFBRHRYaTlQSG9ITzlib3JJZjZRTldnTTUxdlFqT3phaTJJVWN1ZmXSAd4BQVVfeXFMUHBGODZHZTBVQ1l4dWx6ZU04dFRNWDB2Wk1yMnZ2MnJjLUxQUWw0aUQ3U3pUMWItUnQ2ZEpUNlhZY1NUUzQ1QXBsT2JpOFU3UVhOSkVuaEdjWlFNSV9lbGRxMUx6Umd6Ql9LbGdhSUJnUFZOaWoxN1c4T3lfZ2VzYzk0OXczMm5KTGJlTzRPRlRMU0dCZ0o4NkpWYTlCa3ZxbmhLaHNLdjZzMGxJZFRhcjFCeTFRR1JnZWdDQzk2aVUtcERMS1VpbkVkTm5zTzhYcThTelVSTDhPUVZwTE5n?oc=5'>Charlas de quincho: el PRO entre conquistas y outsiders, Adorni en el pozo, Kicillof con Serrat y el riesgo de otro Botnia &#8211; Ambito<\/a><\/div><time datetime=\"2026-04-20T00:00:00-03:00\" class=\"wp-block-rss__item-publish-date\">20\/04\/2026<\/time> <div class=\"wp-block-rss__item-excerpt\">Charlas de quincho: el PRO entre conquistas y outsiders, Adorni en el pozo, Kicillof con Serrat y el riesgo de otro Botnia\u00a0\u00a0Ambito<\/div><\/li><li class='wp-block-rss__item'><div class='wp-block-rss__item-title'><a href='https:\/\/news.google.com\/rss\/articles\/CBMi5gFBVV95cUxQT0NoaWtXamdtUFlhU1Z4cTJPOWF3cHRtby00LTdzUG9oZy14Tl8tRUR5WDRTY1hIYnJyVlJtMkRrakVXQWxKZTNEeXdlWDlaY1E4XzVtdU03ZGI2OVh0YXpCUWxHazVZcmpBbUhxOV9XSzROWmdhWEdwclB4RzFTc2h4UzhnRWRVcTBSVVZpanNUVGVkalUyc1M0UHI3dnI5eVkwY1p0OU5yUkxmUXBDaHk3MGROb2FUenJvT3o2SHdFS0xXdzlqTGdXSXZnbHlxLUJsQTcxX0lTTGE3anhWb3BiVDNDUQ?oc=5'>La desgarradora frase del nene de 12 a\u00f1os que encontr\u00f3 a su madre enterrada en el patio de su casa en Claypole &#8211; TN<\/a><\/div><time datetime=\"2026-04-19T23:39:00-03:00\" class=\"wp-block-rss__item-publish-date\">19\/04\/2026<\/time> <div class=\"wp-block-rss__item-excerpt\">La desgarradora frase del nene de 12 a\u00f1os que encontr\u00f3 a su madre enterrada en el patio de su casa en Claypole\u00a0\u00a0TNUn ni\u00f1o desenterr\u00f3 a su madre muerta en el patio\u00a0\u00a0P\u00e1gina|12Un nene de 12 a\u00f1os encontr\u00f3 enterrada a su mam\u00e1: sospechan del novio, que est\u00e1 pr\u00f3fugo\u00a0\u00a0ElDoce.tvUn ni\u00f1o de 12 a\u00f1os encontr\u00f3 el cuerpo de su madre enterrado en la casa: investigan a la pareja de la mujer\u00a0\u00a0InfobaeClaypole: un nene de 12 a\u00f1os encontr\u00f3 el cuerpo de su madre enterrado en la casa de su pareja\u00a0\u00a0Clarin.com<\/div><\/li><li class='wp-block-rss__item'><div class='wp-block-rss__item-title'><a href='https:\/\/news.google.com\/rss\/articles\/CBMiugFBVV95cUxPV1hRWHM4V2tiaDlhX0hOcmk5V2JfSzBKZHRvMHpySnQ2a0VvdEk0LTFTQ2FfTTM1RFBnU2NmLTVnOUo3alozbmFFR2tFSTFaRnZRMTZ2UVhCSmdwWGZCRENvWWdSTW5LeXcxZUlNR2FhaUdJTkEwQ3FuZlJtMFZpcDROenNMV2NzN0llNnVfdkRuUGFaSzNlU3Z3RDdlUkVBYU9HNEQwdWNTX1cwSkdPNEsyRk8xM0J2UFHSAb8BQVVfeXFMT19uV2VvVXJBamVjMzhBaHZySHFwZW45MXpvdmlkZ0VYQS1hUnNuVXQwOTRxWlFoYUx3S2VXa2tlcUMxSU55TTdOZHFyQ3pRVVJJMFI4Z0t4ek1vamNvWVA4T3Fkc2NTbFk3eFZZaDdidGo3TFJsdFpOekxHUXd6SnZpS0M3Sm9vbXZIYzNhWXRYd19Yc2pDUnhxbldYLUJyVlJEY1BiVThQWUMyYTNOME82SzU1T1BfZnVKRGlzX3M?oc=5'>Proyecto petrolero brit\u00e1nico-israel\u00ed en Malvinas deja expuesta la pol\u00edtica exterior de Milei &#8211; Ambito<\/a><\/div><time datetime=\"2026-04-19T22:03:00-03:00\" class=\"wp-block-rss__item-publish-date\">19\/04\/2026<\/time> <div class=\"wp-block-rss__item-excerpt\">Proyecto petrolero brit\u00e1nico-israel\u00ed en Malvinas deja expuesta la pol\u00edtica exterior de Milei\u00a0\u00a0Ambito<\/div><\/li><li class='wp-block-rss__item'><div class='wp-block-rss__item-title'><a href='https:\/\/news.google.com\/rss\/articles\/CBMiuAFBVV95cUxOb1Y0dHNyMzE3dXpneWZSVDFacVBpbFJBMFNRbURENnAxREV0TWVHY01SRGE1LTY2QmZXb05lTmlKUDk1dVpJdEREekhBYzJHNjVRVHNYUVdpellDZGY4NjMxSm10c2l3NEhybXdwLU5zNlU4WXRKOXlOZDJmSlJoVlRHWk9qSlI3ZDdGRjFwTUhLbGxWWWNqOWJkY09xVEFpUDNhLXlxLVdsakV6SlBOQVpRZlJvcGh00gG4AUFVX3lxTE5vVjR0c3IzMTd1emd5ZlJUMVpxUGlsUkEwU1FtREQ2cDFERXRNZUdjTVJEYTUtNjZCZldvTmVOaUpQOTV1Wkl0RER6SEFjMkc2NVFUc1hRV2l6WUNkZjg2MzFKbXRzaXc0SHJtd3AtTnM2VThZdEo5eU5kMmZKUmhWVEdaT2pKUjdkN0ZGMXBNSEtsbFZZY2o5YmRjT3FUQWlQM2EteXEtV2xqRXpKUE5BWlFmUm9waHQ?oc=5'>Intensa b\u00fasqueda en San Juan de dos hombres desaparecidos en los \u00faltimos d\u00edas &#8211; Tiempo de San Juan<\/a><\/div><time datetime=\"2026-04-19T22:02:00-03:00\" class=\"wp-block-rss__item-publish-date\">19\/04\/2026<\/time> <div class=\"wp-block-rss__item-excerpt\">Intensa b\u00fasqueda en San Juan de dos hombres desaparecidos en los \u00faltimos d\u00edas\u00a0\u00a0Tiempo de San JuanDoble alerta en San Juan: buscan intensamente a dos hombres desaparecidos\u00a0\u00a0Diario de CuyoLa Polic\u00eda busca dar con dos hombres que se encuentran desaparecidos\u00a0\u00a0Corrientes HoyDos hombres desaparecieron en San Juan y los buscan intensamente\u00a0\u00a0Diario HuarpeEs la segunda vez que se pierde: buscan a un anciano de 72 a\u00f1os desaparecido\u00a0\u00a0Diario 13 San Juan<\/div><\/li><li class='wp-block-rss__item'><div class='wp-block-rss__item-title'><a href='https:\/\/news.google.com\/rss\/articles\/CBMi3gFBVV95cUxOYzlXTWMxUTNDalVMUDdZOThsSkdhLXNtZHJ1bVZlcy1Ga0JwUjZzLVhKNjNPc0toRks4TWp0aHEtN1dpTUdNaGlQVGt4QmttWHY5cjFDNTNDWmJjODFEa2VpbFpGNGV5NlR5cFUzWE5JODdiYzJ0SUZ3NHdCdjVpbVJPLVVZY19LM3dEa0ZESGM1Y2IwelpKcWkyeEd3eEtWdVk3ZTVia2V0WkZ3QlFNTUFIUlFYU3d0aURDTmk4WWVmLWhxUGo4RlJRV1ZjMlBCZC1SZHpyZHN2RmltSWfSAeYBQVVfeXFMTWxmelBpUjVzRU9GQVRxZmJobzNnM2xIZGJtWDZqVFYzWkxzcWhaMFkteFphNkNPcU1wQlZZb2tDZzNKaGlFQ1RNYkFOQTdnOUNwaE9XRU5Na3Mxc1hLZ19lNHF1THdheV9WOHpCWVNERFIwMC1xVU1zQ1Q5MUpfRlpQVXl6WDlqXy1lWnRqVzk2VFlmZk1Idm54RUFLQkVKT0FJUElJNV9FaW9qV1hkbDJvai1yUU9uYW55R25OdmxZR1l3T0tYeVdYc2k4UXJ1amVubWJ1cW5LLUpiUHRKMUpJc2x2eFE?oc=5'>Carlos Bianco, internado en Barcelona tras una cirug\u00eda de urgencia durante la gira con Axel Kicillof &#8211; Diario R\u00edo Negro<\/a><\/div><time datetime=\"2026-04-19T21:45:31-03:00\" class=\"wp-block-rss__item-publish-date\">19\/04\/2026<\/time> <div class=\"wp-block-rss__item-excerpt\">Carlos Bianco, internado en Barcelona tras una cirug\u00eda de urgencia durante la gira con Axel Kicillof\u00a0\u00a0Diario R\u00edo NegroOperaron de urgencia en Barcelona a Carlos Bianco, ministro de Gobierno de Kicillof\u00a0\u00a0InfobaeCarlos Bianco fue intervenido de urgencia en Espa\u00f1a\u00a0\u00a0P\u00e1gina|12Operaron en Espa\u00f1a al ministro de Gobierno bonaerense y no pudo regresar al pa\u00eds junto a Kicillof\u00a0\u00a0La Naci\u00f3nOperaron de urgencia al ministro de Gobierno de Kicillof en Barcelona\u00a0\u00a0Perfil<\/div><\/li><li class='wp-block-rss__item'><div class='wp-block-rss__item-title'><a href='https:\/\/news.google.com\/rss\/articles\/CBMiswFBVV95cUxPX2hCNGZSNFFmNjJOLVpianhUWEE4ckVWOExzY21WR3FKbWFITm9kTFhrZDRZOTlOVVFYbWNLazA5VGt0bm1ZSGI4aWFpeFlvM3hTblg2RjViVDNVNFB4b3FXbXRCdEs3WllBM2c0YVhYakl4R3hDaUJRWGtScXBOV2tkVEFBSjUtMGEtRTRKUHZVRjN4Z2R1MC1KNDVxTTdBQ0VsNTNzdGd2aDJHZklWcTBKdw?oc=5'>Quini 6: cu\u00e1ntos millones se llev\u00f3 el cordob\u00e9s que gan\u00f3 el sorteo de este domingo 19 de abril &#8211; La Voz del Interior<\/a><\/div><time datetime=\"2026-04-19T21:39:02-03:00\" class=\"wp-block-rss__item-publish-date\">19\/04\/2026<\/time> <div class=\"wp-block-rss__item-excerpt\">Quini 6: cu\u00e1ntos millones se llev\u00f3 el cordob\u00e9s que gan\u00f3 el sorteo de este domingo 19 de abril\u00a0\u00a0La Voz del InteriorLoter\u00eda. Quini 6 resultados hoy: los n\u00fameros ganadores del sorteo 3.366 del domingo 19 de abril\u00a0\u00a0La Voz del InteriorDe cu\u00e1nto es el pozo del Quini 6 para el sorteo de este domingo 19 de abril\u00a0\u00a0La Naci\u00f3nQuini 6: hubo un solo ganador en el Siempre Sale que se lleva $377 millones\u00a0\u00a0La CapitalQUINI 6 de HOY: sorteo, controlar cart\u00f3n y los resultados del domingo 19 de abril\u00a0\u00a0TyC Sports<\/div><\/li><li class='wp-block-rss__item'><div class='wp-block-rss__item-title'><a href='https:\/\/news.google.com\/rss\/articles\/CBMi0wFBVV95cUxNQ3lmS2YtZlVEZGJUb0dvUXpHckZmRVRfRnQwUUxvLUUzZXZkR0N2b3NHNzkxRDFVY1oyVVFkVHctVGt0aklNT1FYamdjOVUtMkV1elduRldTTkRNcXNwNTNqd19CelBNSEZobUJnYlp5WURzTHVrdmE4cDloOHEwOWoydEVaczRJUmxiRmh4U1ZnWFZHX3ZZTDVqc1hiYmt2NUVjVkk1TzZZZjBEUXlmY2NUV3hlZVdRdzlnWUszOFlkdDdHNG5UUC0xOFJ4eWR2RzFj0gHYAUFVX3lxTE1EaGJHalp1UWNBOElCZE0xdDJGNFZONUFsZHdSVzlway1EZEI2SXN0MGtCWHZSVnF0MTQzeFczM0FoVWE2aEc2ME8xY1dOYlRUWVh6anNJMW5KNXp0aWNENnFfd3dVUDRjTmxqNXhoekNCck1mOTZXVGU2dHc2QVZrQTVrSHhnRy14MExhQnFnM0pOd0JFc0psMno2Y3JzSTlLaFlwNjNkUGFpc3NVRHJfTUJsbmJ2eHJNdkk5bkg4MkpyQ3BiREh2Y0ZpM3ZlQm9LZnI0b2ZjMQ?oc=5'>Se equivocaron de casa y allanaron por drogas a una docente que vivi\u00f3 un calvario: &quot;\u00a1Se\u00f1ora, los d\u00f3lares!&quot; &#8211; LM Neuqu\u00e9n<\/a><\/div><time datetime=\"2026-04-19T20:13:00-03:00\" class=\"wp-block-rss__item-publish-date\">19\/04\/2026<\/time> <div class=\"wp-block-rss__item-excerpt\">Se equivocaron de casa y allanaron por drogas a una docente que vivi\u00f3 un calvario: &quot;\u00a1Se\u00f1ora, los d\u00f3lares!&quot;\u00a0\u00a0LM Neuqu\u00e9n18 allanamientos por drogas dejaron tres detenidos, armas y m\u00e1s de $2 millones en efectivo en Centenario\u00a0\u00a0Diario R\u00edo NegroViolento allanamiento en Centenario: entraron por la fuerza, destrozaron todo y dijeron que \u201cse equivocaron\u201d\u00a0\u00a0ANBarilocheMegaoperativo antidroga en Neuqu\u00e9n: secuestran armas, droga y dinero\u00a0\u00a0amcumbre.comGolpe al microtr\u00e1fico en Centenario: 18 allanamientos y varios detenidos\u00a0\u00a0Neuquen Informa<\/div><\/li><li class='wp-block-rss__item'><div class='wp-block-rss__item-title'><a href='https:\/\/news.google.com\/rss\/articles\/CBMizwFBVV95cUxPYnlwTk1GX0dFVk9qeU0yd3JscjNxMlNRdWpjTGUxZFQ5UmRNX19hcVJ4SDhaazJJaFZEMGNJZ251Qk1DS2JtV2U4UFBfMEkzYkk2VGtRSW01VUttUE45ZC1VTldNWEhGcHFpRDFwVWo2ek9GdDFsV2JRNC1uT1dNTVdQd0Vwb3dCNm9KNWhXelhmOFN1dVlQZUl3NkE4X2l0R1FKeHd5eV9JeGwzcWR2Qmgwak5wcENEQjQ4UmVQMnhDX2lDMGwwdE9YQk5mWjQ?oc=5'>M\u00faltiples convocatorias con repercusi\u00f3n religiosa y pol\u00edtica para homenajear al papa Francisco &#8211; P\u00e1gina|12<\/a><\/div><time datetime=\"2026-04-19T20:01:00-03:00\" class=\"wp-block-rss__item-publish-date\">19\/04\/2026<\/time> <div class=\"wp-block-rss__item-excerpt\">M\u00faltiples convocatorias con repercusi\u00f3n religiosa y pol\u00edtica para homenajear al papa Francisco\u00a0\u00a0P\u00e1gina|12Roma recuerda a Francisco: el legado de sencillez del Papa que eligi\u00f3 su destino eterno fuera del Vaticano\u00a0\u00a0InfobaeUn a\u00f1o sin el papa Francisco: la Iglesia reivindicar\u00e1 en Luj\u00e1n y Flores un legado pastoral, social y tambi\u00e9n pol\u00edtico\u00a0\u00a0InfobaeOh my god\u00a0\u00a0Revista AnfibiaEl sacerdote DJ encabez\u00f3 un emotivo tributo al Papa Francisco\u00a0\u00a0El Litoral<\/div><\/li><li class='wp-block-rss__item'><div class='wp-block-rss__item-title'><a href='https:\/\/news.google.com\/rss\/articles\/CBMiwgFBVV95cUxQQjlEYlY5ZUxQTVBwTEpObks0bkhld2lhTXRYSzlGUk5uU2pVVm9RczJNMzJ6YWFmS2ZtNVJOYUdZTE9JRHl4MXhXUjl2eU1GNDIzUkFsUkRNenVFRU9TTnJHaGtwbGdWRUllbnc0a2FWUnhsaElOZzYxdXp0N3YwWWhMNnJNQ1lzdDlNNllyTkRqRTlBSzYzMThMQnd6YlpoNkpKMXN1ejBfcGlaODQzbTU2LVB2S0ZBNUI4b2RSWDF5dw?oc=5'>M\u00e1s provocaciones, Milei insiste con el traslado de la embajada argentina a Jerusal\u00e9n &#8211; P\u00e1gina|12<\/a><\/div><time datetime=\"2026-04-19T20:01:00-03:00\" class=\"wp-block-rss__item-publish-date\">19\/04\/2026<\/time> <div class=\"wp-block-rss__item-excerpt\">M\u00e1s provocaciones, Milei insiste con el traslado de la embajada argentina a Jerusal\u00e9n\u00a0\u00a0P\u00e1gina|12\u201c\u00a1Bienvenido, hermano!\u201c: la cobertura de la prensa israel\u00ed sobre la hist\u00f3rica visita del presidente argentino Javier Milei\u00a0\u00a0InfobaeJavier Milei volvi\u00f3 a subirse al escenario: cant\u00f3 Libre durante el ensayo de la ceremonia del D\u00eda de la Independencia de Israel\u00a0\u00a0Clarin.com\u201cAmigo de Israel\u201d: Netanyahu recibi\u00f3 a Milei\u00a0\u00a0Diario El D\u00eda de La PlataJavier Milei confirm\u00f3 que empezar\u00e1 a funcionar la primera ruta a\u00e9rea directa entre Buenos Aires y Tel Aviv\u00a0\u00a0La Naci\u00f3n<\/div><\/li><\/ul>\n\n\n<div class=\"wp-block-columns is-layout-flex wp-container-core-columns-is-layout-9d6595d7 wp-block-columns-is-layout-flex\">\n<div class=\"wp-block-column is-layout-flow wp-block-column-is-layout-flow\" style=\"flex-basis:100%\"><\/div>\n<\/div>\n<p>Visits: 5<\/p>","protected":false},"excerpt":{"rendered":"<p>Una herramienta tan poderosa que algunos medios, a\u00fan algunos aternativos, pretenden ocultar por no entenderla. Los RSS a veces son tan exclusivos que ameritan su propio Club.A los amigos de los medios, no se impacientes, vamos a agregar a todxs.Sean Bienvenidos al RSS CLUB. Medios Amigos, cercanos o que nos interesan por algo: ADN Sur &hellip;<\/p>\n","protected":false},"author":1,"featured_media":344,"parent":0,"menu_order":0,"comment_status":"closed","ping_status":"closed","template":"","meta":{"footnotes":""},"class_list":["post-318","page","type-page","status-publish","has-post-thumbnail","hentry","post-bright","has-post-thumb"],"_links":{"self":[{"href":"https:\/\/locomociontv.org\/index.php?rest_route=\/wp\/v2\/pages\/318","targetHints":{"allow":["GET"]}}],"collection":[{"href":"https:\/\/locomociontv.org\/index.php?rest_route=\/wp\/v2\/pages"}],"about":[{"href":"https:\/\/locomociontv.org\/index.php?rest_route=\/wp\/v2\/types\/page"}],"author":[{"embeddable":true,"href":"https:\/\/locomociontv.org\/index.php?rest_route=\/wp\/v2\/users\/1"}],"replies":[{"embeddable":true,"href":"https:\/\/locomociontv.org\/index.php?rest_route=%2Fwp%2Fv2%2Fcomments&post=318"}],"version-history":[{"count":22,"href":"https:\/\/locomociontv.org\/index.php?rest_route=\/wp\/v2\/pages\/318\/revisions"}],"predecessor-version":[{"id":21020,"href":"https:\/\/locomociontv.org\/index.php?rest_route=\/wp\/v2\/pages\/318\/revisions\/21020"}],"wp:featuredmedia":[{"embeddable":true,"href":"https:\/\/locomociontv.org\/index.php?rest_route=\/wp\/v2\/media\/344"}],"wp:attachment":[{"href":"https:\/\/locomociontv.org\/index.php?rest_route=%2Fwp%2Fv2%2Fmedia&parent=318"}],"curies":[{"name":"wp","href":"https:\/\/api.w.org\/{rel}","templated":true}]}}