{"id":24661,"date":"2023-03-20T23:14:13","date_gmt":"2023-03-21T02:14:13","guid":{"rendered":"https:\/\/locomociontv.org\/?page_id=24661"},"modified":"2023-03-20T23:33:42","modified_gmt":"2023-03-21T02:33:42","slug":"todo-el-manual-del-buen-parapolicial","status":"publish","type":"page","link":"https:\/\/locomociontv.org\/?page_id=24661","title":{"rendered":"Todo el Manual del Buen Parapolicial"},"content":{"rendered":"\n<p><iframe loading=\"lazy\" title=\"Manual del Buen Parapolicial\" width=\"580\" height=\"326\" src=\"https:\/\/www.youtube.com\/embed\/videoseries?list=PL8Vh50wrvnix6iIgcsDFRw19EouJekeG_\" frameborder=\"0\" allow=\"accelerometer; autoplay; clipboard-write; encrypted-media; gyroscope; picture-in-picture; web-share\" allowfullscreen><\/iframe><\/p>\n\n\n\n<!--nextpage-->\n\n\n\n<div class=csc_post csc_full><div class=csc_post_thumbnail><img loading=\"lazy\" decoding=\"async\" width=\"150\" height=\"150\" src=\"https:\/\/locomociontv.org\/wp-content\/uploads\/2022\/03\/mukokirchner-150x150.jpg\" class=\"attachment-thumbnail size-thumbnail wp-post-image\" alt=\"\" \/><\/div><div class=csc_post_title><a href=\"https:\/\/locomociontv.org\/?p=21660\">Manual del Buen Parapolicial (1\u00aa Entrega)<\/a><\/div><div class=csc_post_date>11\/03\/2022<\/div><div class=csc_post_author>LocomocionTV<\/div><div class=csc_post_category>Humor<\/div><div class=csc_post_category>Manual del Buen Parapolicial<\/div><div class=csc_post_content>\n<figure class=\"wp-block-embed is-type-video is-provider-youtube wp-block-embed-youtube wp-embed-aspect-16-9 wp-has-aspect-ratio\"><div class=\"wp-block-embed__wrapper\">\n<iframe loading=\"lazy\" title=\"Manual del Buen Parapolicial (1\u00aa Entrega)\" width=\"818\" height=\"460\" src=\"https:\/\/www.youtube.com\/embed\/MHQcpJuGhkw?feature=oembed\" frameborder=\"0\" allow=\"accelerometer; autoplay; clipboard-write; encrypted-media; gyroscope; picture-in-picture; web-share\" allowfullscreen><\/iframe>\n<\/div><\/figure>\n\n\n<p>Visits: 0<\/p><\/div><div class=csc_break><\/div><\/div><div class=csc_post csc_full><div class=csc_post_thumbnail><img loading=\"lazy\" decoding=\"async\" width=\"150\" height=\"150\" src=\"https:\/\/locomociontv.org\/wp-content\/uploads\/2023\/02\/image-74-150x150.png\" class=\"attachment-thumbnail size-thumbnail wp-post-image\" alt=\"\" \/><\/div><div class=csc_post_title><a href=\"https:\/\/locomociontv.org\/?p=24028\">Manual del Buen Parapolicial (2\u00aa Entrega)<\/a><\/div><div class=csc_post_date>27\/02\/2023<\/div><div class=csc_post_author>Hern\u00e1n Lo Iacono<\/div><div class=csc_post_category>Humor<\/div><div class=csc_post_category>Manual del Buen Parapolicial<\/div><div class=csc_post_category>Videos<\/div><div class=csc_post_content>\n<figure class=\"wp-block-embed is-type-video is-provider-youtube wp-block-embed-youtube wp-embed-aspect-16-9 wp-has-aspect-ratio\"><div class=\"wp-block-embed__wrapper\">\n<iframe loading=\"lazy\" title=\"Manual del Buen Parapolicial (2\u00aa Entrega)\" width=\"818\" height=\"460\" src=\"https:\/\/www.youtube.com\/embed\/vnp70FS9gEY?feature=oembed\" frameborder=\"0\" allow=\"accelerometer; autoplay; clipboard-write; encrypted-media; gyroscope; picture-in-picture; web-share\" allowfullscreen><\/iframe>\n<\/div><\/figure>\n\n\n\n<h3 class=\"wp-block-heading\">Manual del Buen Parapolicial: chequear lo que se alkahuetea, cosa que alguien lo crea<\/h3>\n\n\n\n<p>Un informante modelo del Siglo XXI, alguien que se precie de ser genial siervo de los vasallos imperiales, debe saber cuidarse en su pasi\u00f3n alkahueteril, no por verg\u00fcenza o dignidad, que no las poseen, si no para preservar la infabilidad que todo parapolicial debe tener y sustentar.<\/p>\n\n\n\n<p>Gustavo Sylvestre, tambi\u00e9n Roberto Navarro, han hecho papelones que solamente su trayectoria lamiendo upites famosos y estatales, pero han sobrevivido a ellos prefieriendo ser buenos idiotas \u00fatiles y mercenarios, que reconocer lo que relamente son: unos Mester de Stultiam consagrados por su capacidad de defender a los de arriba a cambio de un mejor est\u00e1ndar de vida.<\/p>\n<p>Visits: 0<\/p><\/div><div class=csc_break><\/div><\/div><div class=csc_post csc_full><div class=csc_post_thumbnail><img loading=\"lazy\" decoding=\"async\" width=\"150\" height=\"150\" src=\"https:\/\/locomociontv.org\/wp-content\/uploads\/2023\/03\/Screenshot_20230301-154830_Chrome-150x150.jpg\" class=\"attachment-thumbnail size-thumbnail wp-post-image\" alt=\"\" \/><\/div><div class=csc_post_title><a href=\"https:\/\/locomociontv.org\/?p=24118\">Manual del Buen Parapolicial (3\u00aa Entrega)<\/a><\/div><div class=csc_post_date>01\/03\/2023<\/div><div class=csc_post_author>LocomocionTV<\/div><div class=csc_post_category>El Cabaret de Todos<\/div><div class=csc_post_category>Elecciones 2023<\/div><div class=csc_post_category>Humor<\/div><div class=csc_post_category>Manual del Buen Parapolicial<\/div><div class=csc_post_category>Pol\u00edtica Nacional<\/div><div class=csc_post_category>Proseltitismo Extremo<\/div><div class=csc_post_content>\n<p><iframe loading=\"lazy\" title=\"Manual del Buen Parapolicial (3\u00aa Entrega)\" width=\"818\" height=\"460\" src=\"https:\/\/www.youtube.com\/embed\/qCHFqXMSSUk?feature=oembed\" frameborder=\"0\" allow=\"accelerometer; autoplay; clipboard-write; encrypted-media; gyroscope; picture-in-picture; web-share\" allowfullscreen><\/iframe><\/p>\n\n\n<p>Visits: 1<\/p><\/div><div class=csc_break><\/div><\/div><div class=csc_post csc_full><div class=csc_post_thumbnail><img loading=\"lazy\" decoding=\"async\" width=\"150\" height=\"150\" src=\"https:\/\/locomociontv.org\/wp-content\/uploads\/2023\/03\/Screenshot_20230313-202637_Video-Maker-150x150.jpg\" class=\"attachment-thumbnail size-thumbnail wp-post-image\" alt=\"\" \/><\/div><div class=csc_post_title><a href=\"https:\/\/locomociontv.org\/?p=24441\">Manual del buen parapolicial (4\u00aa Entrega)<\/a><\/div><div class=csc_post_date>13\/03\/2023<\/div><div class=csc_post_author>LocomocionTV<\/div><div class=csc_post_category>Humor<\/div><div class=csc_post_category>Manual del Buen Parapolicial<\/div><div class=csc_post_category>Videos<\/div><div class=csc_post_content>\n<figure class=\"wp-block-embed is-type-video is-provider-youtube wp-block-embed-youtube wp-embed-aspect-4-3 wp-has-aspect-ratio\"><div class=\"wp-block-embed__wrapper\">\n<iframe loading=\"lazy\" title=\"Manual del buen parapolicial (4\u00aa Entrega)\" width=\"440\" height=\"330\" src=\"https:\/\/www.youtube.com\/embed\/m4LKXA-EylY?feature=oembed\" frameborder=\"0\" allow=\"accelerometer; autoplay; clipboard-write; encrypted-media; gyroscope; picture-in-picture; web-share\" allowfullscreen><\/iframe>\n<\/div><\/figure>\n\n\n<p>Visits: 2<\/p><\/div><div class=csc_break><\/div><\/div><div class=csc_post csc_full><div class=csc_post_thumbnail><img loading=\"lazy\" decoding=\"async\" width=\"150\" height=\"150\" src=\"https:\/\/locomociontv.org\/wp-content\/uploads\/2023\/04\/sergio-bernipng1-150x150.jpg\" class=\"attachment-thumbnail size-thumbnail wp-post-image\" alt=\"\" \/><\/div><div class=csc_post_title><a href=\"https:\/\/locomociontv.org\/?p=25150\">Manual del Buen Parapolicial (5\u00b0 Entrega): Teor\u00eda y Pr\u00e1ctica del Kontrol de Da\u00f1os<\/a><\/div><div class=csc_post_date>04\/04\/2023<\/div><div class=csc_post_author>LocomocionTV<\/div><div class=csc_post_category>El Cabaret de Todos<\/div><div class=csc_post_category>Elecciones 2023<\/div><div class=csc_post_category>Manual del Buen Parapolicial<\/div><div class=csc_post_category>Pol\u00edtica Nacional<\/div><div class=csc_post_category>Un Queso de Bola en la Rosada<\/div><div class=csc_post_content>\n<ul class=\"wp-block-list\"><li><a href=\"https:\/\/www.youtube.com\/watch?v=Mv7G1ZklxFU&amp;t=0s\">00:00<\/a> &#8211; Introducci\u00f3n al tema <\/li><li><a href=\"https:\/\/www.youtube.com\/watch?v=Mv7G1ZklxFU&amp;t=90s\">01:30<\/a> &#8211; Se produce un incidente que involucra al Ministro de Seguridad Bonaerense Sergio Berni <\/li><li><a href=\"https:\/\/www.youtube.com\/watch?v=Mv7G1ZklxFU&amp;t=103s\">01:43<\/a> &#8211; La Polic\u00eda de la Ciudad rescata al bravuc\u00f3n Ministro <\/li><li><a href=\"https:\/\/www.youtube.com\/watch?v=Mv7G1ZklxFU&amp;t=280s\">04:40<\/a> &#8211; Mientras se espera la &#8220;versi\u00f3n oficial&#8221; se apuesta a alg\u00fan heroismo del funcionario <\/li><li><a href=\"https:\/\/www.youtube.com\/watch?v=Mv7G1ZklxFU&amp;t=295s\">04:55<\/a> &#8211; C5N apunta a la victimizaci\u00f3n de Berni a falta de &#8220;instrucciones precisas&#8221; <\/li><li><a href=\"https:\/\/www.youtube.com\/watch?v=Mv7G1ZklxFU&amp;t=308s\">05:08<\/a> &#8211; Ante la desorientaci\u00f3n sobre los pasos a seguir en el entorno imperial y en la Rosada ganan tiempo consultando sobre el tema a Patricia Bullrich <\/li><li><a href=\"https:\/\/www.youtube.com\/watch?v=Mv7G1ZklxFU&amp;t=320s\">05:20<\/a> &#8211; Prueban con seguir victimizando a Sergio Berni, mostr\u00e1ndolo lastimado pero activo <\/li><li><a href=\"https:\/\/www.youtube.com\/watch?v=Mv7G1ZklxFU&amp;t=338s\">05:38<\/a> &#8211; Avisan que Berni saldr\u00e1 en C5N para marcar los puntos a endilgarle a cualquiera que no sea el Frente de Todos <\/li><li><a href=\"https:\/\/www.youtube.com\/watch?v=Mv7G1ZklxFU&amp;t=358s\">05:58<\/a> &#8211; El despojo humano de Berni, no solamente no agradece que le hayan salvado la vida si no que le echa a la Polic\u00eda de la Ciudad la culpa de todo lo ocurrido <\/li><li><a href=\"https:\/\/www.youtube.com\/watch?v=Mv7G1ZklxFU&amp;t=438s\">07:18<\/a> &#8211; Vuelve la teor\u00eda de la &#8220;emboscada&#8221; que le hacen &#8220;infiltrados&#8221; a los que no identifica y balbucea conjeturas sobre ellos <\/li><li><a href=\"https:\/\/www.youtube.com\/watch?v=Mv7G1ZklxFU&amp;t=570s\">09:30<\/a> &#8211; &#8220;Duro de Domar&#8221; sale con la posici\u00f3n de la &#8220;mano rara&#8221; sobre este crimen, aumentando la tesis conspiranoica para salvarle las papas a Berni <\/li><li><a href=\"https:\/\/www.youtube.com\/watch?v=Mv7G1ZklxFU&amp;t=592s\">09:52<\/a> &#8211; En la ma\u00f1ana del 4 de abril la Rosada oficializa la versi\u00f3n que la Polic\u00eda de la Ciudad es la culpable de todo lo ocurrido <\/li><li><a href=\"https:\/\/www.youtube.com\/watch?v=Mv7G1ZklxFU&amp;t=622s\">10:22<\/a> &#8211; Comienza la activaci\u00f3n de la m\u00e1quina vengativa del &#8220;lawfare&#8221; con una presentaci\u00f3n judicial que habla de un &#8220;plan sincronizado&#8221; y que los medios paraestatales le endilgan al PRO <\/li><li><a href=\"https:\/\/www.youtube.com\/watch?v=Mv7G1ZklxFU&amp;t=653s\">10:53<\/a> &#8211; Se impone la pauta informativa para parapoliciales en prensa y redes sociales hablando de un &#8220;plan sincronizado&#8221; que solamente sirve para calmar los nervios de la fanatiKada <\/li><li><a href=\"https:\/\/www.youtube.com\/watch?v=Mv7G1ZklxFU&amp;t=690s\">11:30<\/a> &#8211; C5N se encarga de difundir la posici\u00f3n oficial del Cabaret de Todos, planteando el famoso &#8220;plan sincronizado&#8221; perge\u00f1ado por Patricia Bullrich <\/li><li><a href=\"https:\/\/www.youtube.com\/watch?v=Mv7G1ZklxFU&amp;t=714s\">11:54<\/a> &#8211; El programa se\u00f1ero del parapolicialismo kirchnerista con su delincuente panelista estrella salen a asegurar que todo es un plan del PRO para perjudicar a Kicillof. Salvatierra alega que sabe de eso por su condici\u00f3n de ladr\u00f3n <\/li><li><a href=\"https:\/\/www.youtube.com\/watch?v=Mv7G1ZklxFU&amp;t=843s\">14:03<\/a> &#8211; Se inician las operaciones de vendetta estatal produci\u00e9ndose detenciones y razzias retaliatorias de parte de Berni, Kicillof y Espinoza <\/li><li><a href=\"https:\/\/www.youtube.com\/watch?v=Mv7G1ZklxFU&amp;t=963s\">16:03<\/a> &#8211; Cristina, ante la impotencia completa del Cabaret de Todos sali\u00f3 con un tweet siniestro con el mal gusto y la violencia de siempre <\/li><li><a href=\"https:\/\/www.youtube.com\/watch?v=Mv7G1ZklxFU&amp;t=1063s\">17:43<\/a> &#8211; En horas de la tarde del 7 de abril el UTOI de la Polic\u00eda Bonaerense sale a para colectivos y hacer cacheos de civiles al igual que en la Dictadura para escarmentar al Pueblo y que nunca se le ocurra en adelante cuestionar a los patrones del Estado<\/li><\/ul>\n\n\n\n<figure class=\"wp-block-embed is-type-video is-provider-youtube wp-block-embed-youtube wp-embed-aspect-16-9 wp-has-aspect-ratio\"><div class=\"wp-block-embed__wrapper\">\n<iframe loading=\"lazy\" title=\"Manual del Buen Parapolicial (5\u00b0 Entrega)\" width=\"818\" height=\"460\" src=\"https:\/\/www.youtube.com\/embed\/Mv7G1ZklxFU?feature=oembed\" frameborder=\"0\" allow=\"accelerometer; autoplay; clipboard-write; encrypted-media; gyroscope; picture-in-picture; web-share\" allowfullscreen><\/iframe>\n<\/div><\/figure>\n\n\n<p>Visits: 4<\/p><\/div><div class=csc_break><\/div><\/div><div class=csc_post csc_full><div class=csc_post_thumbnail><img loading=\"lazy\" decoding=\"async\" width=\"150\" height=\"150\" src=\"https:\/\/locomociontv.org\/wp-content\/uploads\/2023\/04\/image-21-150x150.png\" class=\"attachment-thumbnail size-thumbnail wp-post-image\" alt=\"\" \/><\/div><div class=csc_post_title><a href=\"https:\/\/locomociontv.org\/?p=25189\">Vendetta de Estado: salieron las razzias de retaliaci\u00f3n de Berni, Kicillof y Espinoza<\/a><\/div><div class=csc_post_date>06\/04\/2023<\/div><div class=csc_post_author>LocomocionTV<\/div><div class=csc_post_category>Abuso de Poder<\/div><div class=csc_post_category>Acci\u00f3n antinazi<\/div><div class=csc_post_category>Aparatos de represi\u00f3n de Estado<\/div><div class=csc_post_category>Causas armadas<\/div><div class=csc_post_category>Corruptelas varias<\/div><div class=csc_post_category>Cr\u00edmenes de Lesa Humanidad<\/div><div class=csc_post_category>Cr\u00edmenes de Odio<\/div><div class=csc_post_category>Derechos Humanos<\/div><div class=csc_post_category>Desaparecidos en democracia<\/div><div class=csc_post_category>El Cabaret de Todos<\/div><div class=csc_post_category>Elecciones 2023<\/div><div class=csc_post_category>ESta gesti\u00f3n es una Massa<\/div><div class=csc_post_category>Locomoci\u00f3n TV - Noticias<\/div><div class=csc_post_category>Lumpenes y Pinekertons<\/div><div class=csc_post_category>Manual del Buen Parapolicial<\/div><div class=csc_post_category>Militares y estado: asunto separado<\/div><div class=csc_post_category>Persecusiones pol\u00edticas<\/div><div class=csc_post_category>Pol\u00edtica Nacional<\/div><div class=csc_post_category>Precarizaci\u00f3n y estafas a los humildes<\/div><div class=csc_post_category>Un Queso de Bola en la Rosada<\/div><div class=csc_post_content>\n<figure class=\"wp-block-video\"><video height=\"480\" style=\"aspect-ratio: 1280 \/ 480;\" width=\"1280\" controls src=\"https:\/\/locomociontv.org\/wp-content\/uploads\/2023\/04\/2518900.mp4\"><\/video><\/figure>\n\n\n<p>Visits: 0<\/p><\/div><div class=csc_break><\/div><\/div><div class=csc_post csc_full><div class=csc_post_thumbnail><img loading=\"lazy\" decoding=\"async\" width=\"150\" height=\"82\" src=\"https:\/\/locomociontv.org\/wp-content\/uploads\/2023\/04\/image-23-150x82.png\" class=\"attachment-thumbnail size-thumbnail wp-post-image\" alt=\"\" \/><\/div><div class=csc_post_title><a href=\"https:\/\/locomociontv.org\/?p=25197\">Su Bajeza no tiene l\u00edmites, ni filtro, ni fin<\/a><\/div><div class=csc_post_date><\/div><div class=csc_post_author>LocomocionTV<\/div><div class=csc_post_category>El Cabaret de Todos<\/div><div class=csc_post_category>Elecciones 2023<\/div><div class=csc_post_category>Manual del Buen Parapolicial<\/div><div class=csc_post_category>Pol\u00edtica Nacional<\/div><div class=csc_post_category>Proseltitismo Extremo<\/div><div class=csc_post_category>Un Queso de Bola en la Rosada<\/div><div class=csc_post_content>\n<figure class=\"wp-block-video\"><video height=\"720\" style=\"aspect-ratio: 1136 \/ 720;\" width=\"1136\" controls src=\"https:\/\/locomociontv.org\/wp-content\/uploads\/2023\/04\/Video.Guru_20230407_091924686.mp4\"><\/video><\/figure>\n\n\n<p>Visits: 1<\/p><\/div><div class=csc_break><\/div><\/div><div class=csc_post csc_full><div class=csc_post_thumbnail><img loading=\"lazy\" decoding=\"async\" width=\"150\" height=\"150\" src=\"https:\/\/locomociontv.org\/wp-content\/uploads\/2023\/04\/Manual06-150x150.jpg\" class=\"attachment-thumbnail size-thumbnail wp-post-image\" alt=\"\" \/><\/div><div class=csc_post_title><a href=\"https:\/\/locomociontv.org\/?p=25481\">Manual del Buen Parapolicial (6\u00b0 entrega): la inmolaci\u00f3n en el rid\u00edculo con el m\u00e9todo Cerruti<\/a><\/div><div class=csc_post_date>20\/04\/2023<\/div><div class=csc_post_author>LocomocionTV<\/div><div class=csc_post_category>Humor<\/div><div class=csc_post_category>Manual del Buen Parapolicial<\/div><div class=csc_post_category>Reir por no llorar<\/div><div class=csc_post_category>Videos<\/div><div class=csc_post_content>\n<figure class=\"wp-block-embed is-type-video is-provider-youtube wp-block-embed-youtube wp-embed-aspect-16-9 wp-has-aspect-ratio\"><div class=\"wp-block-embed__wrapper\">\n<iframe loading=\"lazy\" title=\"Manual del Buen Parapolicial (6\u00b0 entrega): la inmolaci\u00f3n en el rid\u00edculo con el m\u00e9todo Cerruti\" width=\"818\" height=\"460\" src=\"https:\/\/www.youtube.com\/embed\/vJaSBx6gwgU?feature=oembed\" frameborder=\"0\" allow=\"accelerometer; autoplay; clipboard-write; encrypted-media; gyroscope; picture-in-picture; web-share\" allowfullscreen><\/iframe>\n<\/div><\/figure>\n\n\n<p>Visits: 2<\/p><\/div><div class=csc_break><\/div><\/div><div class=csc_post csc_full><div class=csc_post_thumbnail><img loading=\"lazy\" decoding=\"async\" width=\"150\" height=\"150\" src=\"https:\/\/locomociontv.org\/wp-content\/uploads\/2023\/10\/BackgroundEraser_20231013_221133379-1-150x150.jpg\" class=\"attachment-thumbnail size-thumbnail wp-post-image\" alt=\"\" \/><\/div><div class=csc_post_title><a href=\"https:\/\/locomociontv.org\/?p=28433\">Manual del Buen Parapolicial &#8211; 7\u00b0 Informe<\/a><\/div><div class=csc_post_date>13\/10\/2023<\/div><div class=csc_post_author>LocomocionTV<\/div><div class=csc_post_category>Manual del Buen Parapolicial<\/div><div class=csc_post_category>Sin categor\u00eda<\/div><div class=csc_post_content>\n<p><iframe loading=\"lazy\" title=\"Manual del Buen Parapolicial (7\u00b0 Informe)\" width=\"818\" height=\"460\" src=\"https:\/\/www.youtube.com\/embed\/fshIK7crYM8?feature=oembed\" frameborder=\"0\" allow=\"accelerometer; autoplay; clipboard-write; encrypted-media; gyroscope; picture-in-picture; web-share\" allowfullscreen><\/iframe><\/p>\n<p>Visits: 1<\/p><\/div><div class=csc_break><\/div><\/div><div class=csc_post csc_full><div class=csc_post_thumbnail><img loading=\"lazy\" decoding=\"async\" width=\"150\" height=\"150\" src=\"https:\/\/locomociontv.org\/wp-content\/uploads\/2025\/01\/BackgroundEraser_20250119_140010506-1-150x150.jpg\" class=\"attachment-thumbnail size-thumbnail wp-post-image\" alt=\"\" \/><\/div><div class=csc_post_title><a href=\"https:\/\/locomociontv.org\/?p=33663\">Manual del Buen Parapolicial (8\u00aa Entrega)<\/a><\/div><div class=csc_post_date>19\/01\/2025<\/div><div class=csc_post_author>LocomocionTV<\/div><div class=csc_post_category>Manual del Buen Parapolicial<\/div><div class=csc_post_category>Sin categor\u00eda<\/div><div class=csc_post_content>\n<figure class=\"wp-block-image size-large\"><img loading=\"lazy\" decoding=\"async\" width=\"1024\" height=\"574\" src=\"https:\/\/locomociontv.org\/wp-content\/uploads\/2025\/01\/BackgroundEraser_20250119_140010506-1-1024x574.jpg\" alt=\"\" class=\"wp-image-33702\" srcset=\"https:\/\/locomociontv.org\/wp-content\/uploads\/2025\/01\/BackgroundEraser_20250119_140010506-1-1024x574.jpg 1024w, https:\/\/locomociontv.org\/wp-content\/uploads\/2025\/01\/BackgroundEraser_20250119_140010506-1-300x168.jpg 300w, https:\/\/locomociontv.org\/wp-content\/uploads\/2025\/01\/BackgroundEraser_20250119_140010506-1-768x431.jpg 768w, https:\/\/locomociontv.org\/wp-content\/uploads\/2025\/01\/BackgroundEraser_20250119_140010506-1-1536x861.jpg 1536w, https:\/\/locomociontv.org\/wp-content\/uploads\/2025\/01\/BackgroundEraser_20250119_140010506-1-2048x1148.jpg 2048w\" sizes=\"auto, (max-width: 1024px) 100vw, 1024px\" \/><\/figure>\n\n\n\n<h3 class=\"wp-block-heading has-text-align-center\">Sumario de la noticia<\/h3>\n\n\n\n<ul class=\"wp-block-list\">\n<li>00:00 &#8211; Michelo: Parako Argento para la exportaci\u00f3n<\/li>\n\n\n\n<li>01:43 &#8211; El vertiginoso ascenso de un parako argentino en Venezuela<\/li>\n\n\n\n<li>07:37 &#8211; Cometer errores infantiles es consecuencia de la mentira y sus patitas<\/li>\n\n\n\n<li>08:33 &#8211; Michelo sobrepas\u00f3 todos los l\u00edmites del felpudismo criminal<\/li>\n<\/ul>\n\n\n\n<figure class=\"wp-block-embed is-type-video is-provider-youtube wp-block-embed-youtube wp-embed-aspect-16-9 wp-has-aspect-ratio\"><div class=\"wp-block-embed__wrapper\">\n<iframe loading=\"lazy\" title=\"Manual del Buen Parapolicial (8\u00aa Entrega)\" width=\"818\" height=\"460\" src=\"https:\/\/www.youtube.com\/embed\/eLVG0jASrIQ?feature=oembed\" frameborder=\"0\" allow=\"accelerometer; autoplay; clipboard-write; encrypted-media; gyroscope; picture-in-picture; web-share\" referrerpolicy=\"strict-origin-when-cross-origin\" allowfullscreen><\/iframe>\n<\/div><\/figure>\n\n\n<p>Visits: 20<\/p><\/div><div class=csc_break><\/div><\/div>\n<p>Visits: 9<\/p>","protected":false},"excerpt":{"rendered":"<p>Visits: 20<\/p>\n","protected":false},"author":874,"featured_media":24663,"parent":2,"menu_order":0,"comment_status":"closed","ping_status":"closed","template":"","meta":{"footnotes":""},"class_list":["post-24661","page","type-page","status-publish","has-post-thumbnail","hentry","post-dark","post-wide","has-post-thumb"],"_links":{"self":[{"href":"https:\/\/locomociontv.org\/index.php?rest_route=\/wp\/v2\/pages\/24661","targetHints":{"allow":["GET"]}}],"collection":[{"href":"https:\/\/locomociontv.org\/index.php?rest_route=\/wp\/v2\/pages"}],"about":[{"href":"https:\/\/locomociontv.org\/index.php?rest_route=\/wp\/v2\/types\/page"}],"author":[{"embeddable":true,"href":"https:\/\/locomociontv.org\/index.php?rest_route=\/wp\/v2\/users\/874"}],"replies":[{"embeddable":true,"href":"https:\/\/locomociontv.org\/index.php?rest_route=%2Fwp%2Fv2%2Fcomments&post=24661"}],"version-history":[{"count":5,"href":"https:\/\/locomociontv.org\/index.php?rest_route=\/wp\/v2\/pages\/24661\/revisions"}],"predecessor-version":[{"id":24668,"href":"https:\/\/locomociontv.org\/index.php?rest_route=\/wp\/v2\/pages\/24661\/revisions\/24668"}],"up":[{"embeddable":true,"href":"https:\/\/locomociontv.org\/index.php?rest_route=\/wp\/v2\/pages\/2"}],"wp:featuredmedia":[{"embeddable":true,"href":"https:\/\/locomociontv.org\/index.php?rest_route=\/wp\/v2\/media\/24663"}],"wp:attachment":[{"href":"https:\/\/locomociontv.org\/index.php?rest_route=%2Fwp%2Fv2%2Fmedia&parent=24661"}],"curies":[{"name":"wp","href":"https:\/\/api.w.org\/{rel}","templated":true}]}}