{"id":21021,"date":"2021-10-06T20:23:28","date_gmt":"2021-10-06T23:23:28","guid":{"rendered":"https:\/\/locomociontv.org\/?page_id=21021"},"modified":"2021-10-06T20:34:38","modified_gmt":"2021-10-06T23:34:38","slug":"red-nacional-de-medios-alternativos","status":"publish","type":"page","link":"https:\/\/locomociontv.org\/?page_id=21021","title":{"rendered":"Red Nacional de Medios Alternativos"},"content":{"rendered":"<ul class=\"has-dates has-authors has-excerpts wp-block-rss\"><li class='wp-block-rss__item'><div class='wp-block-rss__item-title'><a href='https:\/\/rnma.org.ar\/2026\/04\/06\/la-rma-rechaza-la-concesion-de-los-medios-publicos-de-la-caba\/'>La RMA rechaza la concesi\u00f3n de los medios p\u00fablicos de la CABA<\/a><\/div><time datetime=\"2026-04-06T13:44:46-03:00\" class=\"wp-block-rss__item-publish-date\">06\/04\/2026<\/time> <span class=\"wp-block-rss__item-author\">por Red Eco Alternativo<\/span><div class=\"wp-block-rss__item-excerpt\">Desde la Red de Medios Alternativos (ex RNMA) nos sumamos a la Asamblea de Trabajadorxs de los Medios P\u00fablicos de la Ciudad de Buenos Aires, para rechazar la decisi\u00f3n del gobierno porte\u00f1o de concesionar las radios (AM 1110 y FM 2&#215;4) y el Canal de la Ciudad y anunciar medidas para frenar la privatizaci\u00f3n encubierta [&hellip;]<\/div><\/li><li class='wp-block-rss__item'><div class='wp-block-rss__item-title'><a href='https:\/\/rnma.org.ar\/2025\/08\/11\/encuentro-de-la-red-de-medios-alternativo\/'>19\u00b0 Encuentro de la Red de Medios Alternativo<\/a><\/div><time datetime=\"2025-08-11T18:19:32-03:00\" class=\"wp-block-rss__item-publish-date\">11\/08\/2025<\/time> <span class=\"wp-block-rss__item-author\">por Red De Medios Alternativos<\/span><div class=\"wp-block-rss__item-excerpt\">Conoc\u00e9 los taller, paneles y conversatorios del Encuentro de la RMA El Encuentro de la Red de Medios Alternativos se realizar\u00e1 los d\u00edas 15, 16 y 17 de agosto en Resistencia, Chaco. Todas las actividades son abiertas y gratuitas. El Encuentro de la Red de Medios Alternativos se trata de un evento que cada a\u00f1o [&hellip;]<\/div><\/li><li class='wp-block-rss__item'><div class='wp-block-rss__item-title'><a href='https:\/\/rnma.org.ar\/2025\/06\/17\/esta-abierta-la-inscripcion-para-el-19-o-encuentro-de-la-comunicacion-comunitaria-alternativa-y-popular\/'>Est\u00e1 abierta la inscripci\u00f3n para el 19.\u00ba Encuentro de la Comunicaci\u00f3n Comunitaria, Alternativa y Popular<\/a><\/div><time datetime=\"2025-06-17T20:35:41-03:00\" class=\"wp-block-rss__item-publish-date\">17\/06\/2025<\/time> <span class=\"wp-block-rss__item-author\">por Red De Medios Alternativos<\/span><div class=\"wp-block-rss__item-excerpt\">Organizado por la Red de Medios Alternativos, se realizar\u00e1 el 15, 16 y 17 de agosto en Resistencia, Chaco. Habr\u00e1 talleres, paneles y conversatorios abiertos y gratuitos. Se trata de un evento que cada a\u00f1o convoca a comunicadores, medios, organizaciones sociales y activistas de todo el pa\u00eds para compartir experiencias, debatir y fortalecer la comunicaci\u00f3n [&hellip;]<\/div><\/li><li class='wp-block-rss__item'><div class='wp-block-rss__item-title'><a href='https:\/\/rnma.org.ar\/2025\/05\/26\/enredando-las-mananas-del-lunes-26-de-mayo-de-2025\/'>Enredando las ma\u00f1anas del lunes 26 de mayo de 2025<\/a><\/div><time datetime=\"2025-05-26T18:42:13-03:00\" class=\"wp-block-rss__item-publish-date\">26\/05\/2025<\/time> <span class=\"wp-block-rss__item-author\">por Red De Medios Alternativos<\/span><div class=\"wp-block-rss__item-excerpt\">En el Enredando las Ma\u00f1anas del d\u00eda lunes 26, desde Radio La Bulla en San Luis. El programa abord\u00f3 la lucha de jubiladxs por pensiones dignas con el testimonio de Silvia Acosta (San Luis), reflexiones de M\u00f3nica Garc\u00eda Felipetti sobre el 25 de Mayo y la situaci\u00f3n de presas pol\u00edticas paraguayas, y un repaso de [&hellip;]<\/div><\/li><li class='wp-block-rss__item'><div class='wp-block-rss__item-title'><a href='https:\/\/rnma.org.ar\/2025\/05\/26\/reforma-migratoria-que-dice-el-anuncio-del-gobierno\/'>Reforma migratoria: qu\u00e9 dice el anuncio del gobierno<\/a><\/div><time datetime=\"2025-05-26T08:00:42-03:00\" class=\"wp-block-rss__item-publish-date\">26\/05\/2025<\/time> <span class=\"wp-block-rss__item-author\">por Red De Medios Alternativos<\/span><div class=\"wp-block-rss__item-excerpt\">El pasado 14 de mayo, el gobierno nacional, a trav\u00e9s de la Oficina del Presidente comunic\u00f3 que mediante un Decreto de Necesidad y Urgencia, impulsar\u00e1 una reforma a la ley migratoria. Tambi\u00e9n lo anunci\u00f3 el vocero presidencial y reciente ganador de las elecciones porte\u00f1as, Manuel Adorni que en rueda de prensa expres\u00f3, igualando sin m\u00e1s [&hellip;]<\/div><\/li><li class='wp-block-rss__item'><div class='wp-block-rss__item-title'><a href='https:\/\/rnma.org.ar\/2025\/05\/12\/el-salario-como-ancla\/'>El salario como ancla<\/a><\/div><time datetime=\"2025-05-12T09:03:26-03:00\" class=\"wp-block-rss__item-publish-date\">12\/05\/2025<\/time> <span class=\"wp-block-rss__item-author\">por Red De Medios Alternativos<\/span><div class=\"wp-block-rss__item-excerpt\">En su columna para Enredando las Ma\u00f1anas, Mart\u00edn Sotiru analiz\u00f3 el rol del salario en la actual pol\u00edtica econ\u00f3mica, la inflaci\u00f3n y c\u00f3mo se deteriora el poder adquisitivo en Argentina. La econom\u00eda es tema de todos los d\u00edas y los salarios est\u00e1n en el centro de la disputa. Mart\u00edn Sotiru, integrante de Otro Viento Medio, [&hellip;]<\/div><\/li><li class='wp-block-rss__item'><div class='wp-block-rss__item-title'><a href='https:\/\/rnma.org.ar\/2025\/05\/09\/17344\/'>Baja de edad de imputabilidad: \u00bb se hace creer que si un ni\u00f1o o adolescente infringe una ley penal, no pasa nada\u00bb<\/a><\/div><time datetime=\"2025-05-09T10:32:36-03:00\" class=\"wp-block-rss__item-publish-date\">09\/05\/2025<\/time> <span class=\"wp-block-rss__item-author\">por Red De Medios Alternativos<\/span><div class=\"wp-block-rss__item-excerpt\">Este 6 de mayo, finalmente, el gobierno nacional logr\u00f3 con el apoyo de bloques aliados, el dictamen para la Reforma Penal Juvenil. El proyecto dictaminado propone la baja de la edad de imputabilidad de 16 a 14 a\u00f1os y ser\u00e1 tratado en el Congreso pese a la oposici\u00f3n de amplios sectores e incluso la Iglesia [&hellip;]<\/div><\/li><li class='wp-block-rss__item'><div class='wp-block-rss__item-title'><a href='https:\/\/rnma.org.ar\/2025\/04\/19\/marco-pozzi-tenemos-que-construir-una-entidad-independiente-de-la-cgt-y-sindicatos-autonomos-de-la-politica-partidaria-que-permita-la-solidaridad-entre-varios-sectores\/'>Marco Pozzi: \u201c Tenemos que construir una entidad\u00a0 independiente de la CGT y sindicatos aut\u00f3nomos de la pol\u00edtica partidaria que permita la solidaridad entre varios sectores\u201d<\/a><\/div><time datetime=\"2025-04-19T12:08:54-03:00\" class=\"wp-block-rss__item-publish-date\">19\/04\/2025<\/time> <span class=\"wp-block-rss__item-author\">por Red De Medios Alternativos<\/span><div class=\"wp-block-rss__item-excerpt\">Este lunes en el Enredando las ma\u00f1anas entrevistamos a Marco Pozzi, Secretario General del Sindicato de Aceiteros Rosario( SOEAR). Dialogamos sobre la situaci\u00f3n de los trabajadores del Cord\u00f3n Industrial, sobre el \u00faltimo acuerdo paritario alcanzado y los incumplimientos y lock out patronal de Vicent\u00edn. \u201c Empresa que no s\u00f3lo estaf\u00f3 al Estado, los productores, sino [&hellip;]<\/div><\/li><li class='wp-block-rss__item'><div class='wp-block-rss__item-title'><a href='https:\/\/rnma.org.ar\/2024\/10\/21\/mapa-de-los-despidos-en-el-estado-nacional\/'>Mapa de los despidos en el Estado Nacional<\/a><\/div><time datetime=\"2024-10-21T22:41:26-03:00\" class=\"wp-block-rss__item-publish-date\">21\/10\/2024<\/time> <span class=\"wp-block-rss__item-author\">por Red De Medios Alternativos<\/span><div class=\"wp-block-rss__item-excerpt\">En la \u00faltima semana de septiembre, delegados y delegadas de la Asociaci\u00f3n de Trabajadores del Estado (ATE) agrupados en la lista Blanca Violeta Granate, presentaron el Mapa Virtual de Despidos en el Estado Nacional, un relevamiento de la cantidad de despidos que hubo en los \u00faltimos nueve meses. En Enredando las Ma\u00f1anas charlamos con Demian [&hellip;]<\/div><\/li><li class='wp-block-rss__item'><div class='wp-block-rss__item-title'><a href='https:\/\/rnma.org.ar\/2024\/10\/21\/festivalazo-por-la-vuelta-al-rio-en-san-martin\/'>Festivalazo por la vuelta al R\u00edo en San Mart\u00edn<\/a><\/div><time datetime=\"2024-10-21T22:27:05-03:00\" class=\"wp-block-rss__item-publish-date\">21\/10\/2024<\/time> <span class=\"wp-block-rss__item-author\">por Red De Medios Alternativos<\/span><div class=\"wp-block-rss__item-excerpt\">El s\u00e1bado 26 de octubre de 10 a 17 se llevar\u00e1 a cabo en el campus Miguelete de la UNSAM un festival para visibilizar la lucha por la primera Reserva Natural con acceso al r\u00edo en San Mart\u00edn, provincia de Buenos Aires. En Enredando las Ma\u00f1anas mantuvimos comunicaci\u00f3n con Carla, del Foro por la Recuperaci\u00f3n [&hellip;]<\/div><\/li><\/ul><p>Visits: 0<\/p>","protected":false},"excerpt":{"rendered":"<p>Visits: 0<\/p>\n","protected":false},"author":732,"featured_media":21023,"parent":0,"menu_order":0,"comment_status":"closed","ping_status":"closed","template":"","meta":{"footnotes":""},"class_list":["post-21021","page","type-page","status-publish","has-post-thumbnail","hentry","post-bright","has-post-thumb"],"_links":{"self":[{"href":"https:\/\/locomociontv.org\/index.php?rest_route=\/wp\/v2\/pages\/21021","targetHints":{"allow":["GET"]}}],"collection":[{"href":"https:\/\/locomociontv.org\/index.php?rest_route=\/wp\/v2\/pages"}],"about":[{"href":"https:\/\/locomociontv.org\/index.php?rest_route=\/wp\/v2\/types\/page"}],"author":[{"embeddable":true,"href":"https:\/\/locomociontv.org\/index.php?rest_route=\/wp\/v2\/users\/732"}],"replies":[{"embeddable":true,"href":"https:\/\/locomociontv.org\/index.php?rest_route=%2Fwp%2Fv2%2Fcomments&post=21021"}],"version-history":[{"count":1,"href":"https:\/\/locomociontv.org\/index.php?rest_route=\/wp\/v2\/pages\/21021\/revisions"}],"predecessor-version":[{"id":21022,"href":"https:\/\/locomociontv.org\/index.php?rest_route=\/wp\/v2\/pages\/21021\/revisions\/21022"}],"wp:featuredmedia":[{"embeddable":true,"href":"https:\/\/locomociontv.org\/index.php?rest_route=\/wp\/v2\/media\/21023"}],"wp:attachment":[{"href":"https:\/\/locomociontv.org\/index.php?rest_route=%2Fwp%2Fv2%2Fmedia&parent=21021"}],"curies":[{"name":"wp","href":"https:\/\/api.w.org\/{rel}","templated":true}]}}