{"id":20963,"date":"2021-09-25T16:33:38","date_gmt":"2021-09-25T19:33:38","guid":{"rendered":"https:\/\/locomociontv.org\/?page_id=20963"},"modified":"2021-09-25T16:33:39","modified_gmt":"2021-09-25T19:33:39","slug":"barricada-tv","status":"publish","type":"page","link":"https:\/\/locomociontv.org\/?page_id=20963","title":{"rendered":"Barricada TV"},"content":{"rendered":"<ul class=\"has-dates has-excerpts wp-block-rss\"><li class='wp-block-rss__item'><div class='wp-block-rss__item-title'><a href='https:\/\/www.barricadatv.org\/el-sistema-publico-de-salud-bajo-ataque\/'>El sistema p\u00fablico de salud bajo ataque<\/a><\/div><time datetime=\"2026-04-16T19:42:50-03:00\" class=\"wp-block-rss__item-publish-date\">16\/04\/2026<\/time> <div class=\"wp-block-rss__item-excerpt\">La salud p\u00fablica atraviesa una crisis urgente: jubilados que no acceden a medicamentos, hospitales sin insumos y profesionales en conflicto.<\/div><\/li><li class='wp-block-rss__item'><div class='wp-block-rss__item-title'><a href='https:\/\/www.barricadatv.org\/juicios-y-crimenes-de-guerra-el-doble-frente-de-netanyahu\/'>Juicios y cr\u00edmenes de guerra: el doble frente de Netanyahu<\/a><\/div><time datetime=\"2026-04-16T19:41:42-03:00\" class=\"wp-block-rss__item-publish-date\">16\/04\/2026<\/time> <div class=\"wp-block-rss__item-excerpt\">Benjamin Netanyahu enfrenta tres juicios por corrupci\u00f3n: el Caso 1000, por recibir regalos de empresarios a cambio de favores pol\u00edticos; el Caso 2000, por pactar con un diario cobertura favorable a cambio de frenar a su competidor; y el Caso 4000, por otorgar beneficios regulatorios [\u2026]<\/div><\/li><li class='wp-block-rss__item'><div class='wp-block-rss__item-title'><a href='https:\/\/www.barricadatv.org\/los-stones-vuelven-a-argentina-the-strokes-al-primavera-sound-nuevos-singles-y-muchos-rumores\/'>\u00bfLos STONES vuelven a ARGENTINA? \u00bfTHE STROKES al PRIMAVERA SOUND? Nuevos singles y muchos rumores<\/a><\/div><time datetime=\"2026-04-16T19:40:29-03:00\" class=\"wp-block-rss__item-publish-date\">16\/04\/2026<\/time> <div class=\"wp-block-rss__item-excerpt\">Bajo su alter ego \u201cThe Cockroaches\u00bb, The Rolling Stones public\u00f3 el primer adelanto de lo que ser\u00eda su pr\u00f3ximo \u00e1lbum de estudio, \u00abRough and Twisted\u00bb, y su vuelta a los escenarios comienza a ser un hecho. A pesar de la cancelaci\u00f3n de la gira en [\u2026]<\/div><\/li><li class='wp-block-rss__item'><div class='wp-block-rss__item-title'><a href='https:\/\/www.barricadatv.org\/pami-en-crisis-la-casta-son-los-jubilados-y-la-salud-publica-barricada-tv-en-vivo\/'>PAMI EN CRISIS: \u00bfLA CASTA SON LOS JUBILADOS Y LA SALUD P\u00daBLICA? | BARRICADA TV EN VIVO<\/a><\/div><time datetime=\"2026-04-16T19:38:49-03:00\" class=\"wp-block-rss__item-publish-date\">16\/04\/2026<\/time> <\/li><li class='wp-block-rss__item'><div class='wp-block-rss__item-title'><a href='https:\/\/www.barricadatv.org\/es-milei-o-nosotros-jubilados-y-trabajadores-del-pami-cuentan-las-consecuencias-del-ajuste\/'>\u00abEs MILEI o NOSOTROS\u00bb | Jubilados y trabajadores del PAMI cuentan las consecuencias del AJUSTE<\/a><\/div><time datetime=\"2026-04-16T19:37:54-03:00\" class=\"wp-block-rss__item-publish-date\">16\/04\/2026<\/time> <div class=\"wp-block-rss__item-excerpt\">Los nuevos recortes del gobierno llevan al sistema de salud p\u00fablica al colapso. El da\u00f1o recae sobre jubilados y trabajadores del \u00e1mbito. Nos visitaron Jos\u00e9 Cordeiro, secretario de cultura del Sindicato Unido de Trabajadores y Empleados de PAMI y Manuel Gutierrez, referente de la Mesa [\u2026]<\/div><\/li><li class='wp-block-rss__item'><div class='wp-block-rss__item-title'><a href='https:\/\/www.barricadatv.org\/atencion-medica-gratuita-de-la-uba-en-defensa-de-la-universidad-publica\/'>Atenci\u00f3n M\u00c9DICA GRATUITA de la UBA en defensa de la UNIVERSIDAD P\u00daBLICA<\/a><\/div><time datetime=\"2026-04-15T19:34:33-03:00\" class=\"wp-block-rss__item-publish-date\">15\/04\/2026<\/time> <div class=\"wp-block-rss__item-excerpt\">Docentes y estudiantes de las facultades de odontolog\u00eda, psicolog\u00eda, oftalmolog\u00eda y veterinaria de la UBA montaron trailers para visibilizar c\u00f3mo impacta el ajuste del gobierno. Exigen el cumplimiento de la ley de financiamiento universitario y salarios dignos para docentes y no docentes. La jornada se [\u2026]<\/div><\/li><li class='wp-block-rss__item'><div class='wp-block-rss__item-title'><a href='https:\/\/www.barricadatv.org\/el-consumo-se-cae-a-pedazos-y-la-inflacion-crecio-por-decimo-mes-seguido-columna-de-julio-gambina\/'>El CONSUMO se cae a PEDAZOS y la INFLACI\u00d3N CRECI\u00d3 por d\u00e9cimo mes seguido | Columna de Julio Gambina<\/a><\/div><time datetime=\"2026-04-15T19:32:55-03:00\" class=\"wp-block-rss__item-publish-date\">15\/04\/2026<\/time> <div class=\"wp-block-rss__item-excerpt\">La suba de precios para marzo fue del 3,4% seg\u00fan el INDEC. Desde mayo del a\u00f1o pasado que sube constantemente. Al mismo tiempo, la recaudaci\u00f3n est\u00e1 en baja por la falta de consumo y de ingresos.<\/div><\/li><li class='wp-block-rss__item'><div class='wp-block-rss__item-title'><a href='https:\/\/www.barricadatv.org\/fate-no-se-cierra-trabajadores-de-la-empresa-de-neumaticos-marcharon-a-plaza-de-mayo\/'>FATE NO SE CIERRA | Trabajadores de la empresa de neum\u00e1ticos marcharon a Plaza de Mayo<\/a><\/div><time datetime=\"2026-04-14T19:30:59-03:00\" class=\"wp-block-rss__item-publish-date\">14\/04\/2026<\/time> <div class=\"wp-block-rss__item-excerpt\">Tras dos meses de lucha y sin pago de sueldos, los trabajadores de FATE, salieron nuevamente a las calles reclamando la apertura inmediata de la f\u00e1brica. La manifestaci\u00f3n fue convocada por Alejandro Crespo, Secretario General del Gremio del Neum\u00e1tico, y se hicieron presente distintas organizaciones [\u2026]<\/div><\/li><li class='wp-block-rss__item'><div class='wp-block-rss__item-title'><a href='https:\/\/www.barricadatv.org\/se-estreno-teniente-linyera-inspirada-en-historias-reales-de-sobrevivientes-de-malvinas\/'>Se estren\u00f3 \u201cTeniente linyera\u201d, inspirada en historias reales de sobrevivientes de Malvinas<\/a><\/div><time datetime=\"2026-04-13T19:29:41-03:00\" class=\"wp-block-rss__item-publish-date\">13\/04\/2026<\/time> <div class=\"wp-block-rss__item-excerpt\">Luego de su recorrido en festivales, el largometraje escrito y dirigido por Fabi\u00e1n Ben\u00edtez \u201cTeniente linyera\u201d, tuvo su estreno en salas del cine Gaumont, y podr\u00e1 verse hasta el mi\u00e9rcoles 15 de abril, con funciones a las 17:15 hs, y desde el jueves 16 con [\u2026]<\/div><\/li><li class='wp-block-rss__item'><div class='wp-block-rss__item-title'><a href='https:\/\/www.barricadatv.org\/puede-iran-confiar-en-estados-unidos-tras-el-alto-el-fuego\/'>\u00bfPuede Ir\u00e1n confiar en Estados Unidos tras el alto el fuego?<\/a><\/div><time datetime=\"2026-04-10T18:43:50-03:00\" class=\"wp-block-rss__item-publish-date\">10\/04\/2026<\/time> <div class=\"wp-block-rss__item-excerpt\">\u00abLas negociaciones han sido recibidas con escepticismo en Ir\u00e1n por experiencias negativas anteriores con Estados Unidos\u00bb, asegur\u00f3 la profesora Setareh Sadeq\u00ed desde la ciudad de Isfahan. Luego de 40 d\u00edas de guerra, luego del ataque no provocado de Estados Unidos e Israel a Ir\u00e1n, el [\u2026]<\/div><\/li><\/ul><p>Visits: 0<\/p>","protected":false},"excerpt":{"rendered":"<p>Visits: 0<\/p>\n","protected":false},"author":732,"featured_media":20935,"parent":318,"menu_order":0,"comment_status":"closed","ping_status":"closed","template":"","meta":{"footnotes":""},"class_list":["post-20963","page","type-page","status-publish","has-post-thumbnail","hentry","post-bright","has-post-thumb"],"_links":{"self":[{"href":"https:\/\/locomociontv.org\/index.php?rest_route=\/wp\/v2\/pages\/20963","targetHints":{"allow":["GET"]}}],"collection":[{"href":"https:\/\/locomociontv.org\/index.php?rest_route=\/wp\/v2\/pages"}],"about":[{"href":"https:\/\/locomociontv.org\/index.php?rest_route=\/wp\/v2\/types\/page"}],"author":[{"embeddable":true,"href":"https:\/\/locomociontv.org\/index.php?rest_route=\/wp\/v2\/users\/732"}],"replies":[{"embeddable":true,"href":"https:\/\/locomociontv.org\/index.php?rest_route=%2Fwp%2Fv2%2Fcomments&post=20963"}],"version-history":[{"count":1,"href":"https:\/\/locomociontv.org\/index.php?rest_route=\/wp\/v2\/pages\/20963\/revisions"}],"predecessor-version":[{"id":20964,"href":"https:\/\/locomociontv.org\/index.php?rest_route=\/wp\/v2\/pages\/20963\/revisions\/20964"}],"up":[{"embeddable":true,"href":"https:\/\/locomociontv.org\/index.php?rest_route=\/wp\/v2\/pages\/318"}],"wp:featuredmedia":[{"embeddable":true,"href":"https:\/\/locomociontv.org\/index.php?rest_route=\/wp\/v2\/media\/20935"}],"wp:attachment":[{"href":"https:\/\/locomociontv.org\/index.php?rest_route=%2Fwp%2Fv2%2Fmedia&parent=20963"}],"curies":[{"name":"wp","href":"https:\/\/api.w.org\/{rel}","templated":true}]}}