{"id":19967,"date":"2021-04-08T00:43:54","date_gmt":"2021-04-08T03:43:54","guid":{"rendered":"https:\/\/locomociontv.org\/?page_id=19967"},"modified":"2021-04-23T04:35:23","modified_gmt":"2021-04-23T07:35:23","slug":"el-heraldo-furioso","status":"publish","type":"page","link":"https:\/\/locomociontv.org\/?page_id=19967","title":{"rendered":"El Heraldo Furioso"},"content":{"rendered":"\n<p><em><strong>P\u00e1gina de Facebook<\/strong><\/em><br><div class=\"cameronjonesweb_facebook_page_plugin\" data-version=\"1.9.1\" data-implementation=\"shortcode\" id=\"009xBll3TGgyCbm\" data-method=\"sdk\"><div id=\"fb-root\"><\/div><script async defer crossorigin=\"anonymous\" src=\"https:\/\/connect.facebook.net\/es_LA\/sdk.js#xfbml=1&version=v17.0\"><\/script><div class=\"fb-page\" data-href=\"https:\/\/facebook.com\/El-Heraldo-Furioso-108044494759902\"  data-width=\"500\" data-max-width=\"500\" data-height=\"600\" data-hide-cover=\"false\" data-show-facepile=\"true\" data-tabs=\"timeline,events,messages\" data-hide-cta=\"true\" data-small-header=\"true\" data-adapt-container-width=\"true\"><div class=\"fb-xfbml-parse-ignore\"><blockquote cite=\"https:\/\/www.facebook.com\/El-Heraldo-Furioso-108044494759902\"><a href=\"https:\/\/www.facebook.com\/El-Heraldo-Furioso-108044494759902\">Vamos all\u00ed<\/a><\/blockquote><\/div><\/div><\/div><\/p>\n\n\n\n<p><\/p>\n\n\n\n<div class=csc_post csc_full><div class=csc_post_thumbnail><img loading=\"lazy\" decoding=\"async\" width=\"150\" height=\"150\" src=\"https:\/\/locomociontv.org\/wp-content\/uploads\/2023\/08\/image-150x150.png\" class=\"attachment-thumbnail size-thumbnail wp-post-image\" alt=\"\" \/><\/div><div class=csc_post_title><a href=\"https:\/\/locomociontv.org\/?p=27108\">Lleg\u00f3 a la Aut\u00f3noma el Tercer Mal\u00f3n de la Paz<\/a><\/div><div class=csc_post_date>01\/08\/2023<\/div><div class=csc_post_author>Hern\u00e1n Lo Iacono<\/div><div class=csc_post_category>Acci\u00f3n antinazi<\/div><div class=csc_post_category>Aparatos de represi\u00f3n de Estado<\/div><div class=csc_post_category>Cr\u00edmenes de Lesa Humanidad<\/div><div class=csc_post_category>Cr\u00edmenes de Odio<\/div><div class=csc_post_category>Derechos Humanos<\/div><div class=csc_post_category>El Heraldo Furioso<\/div><div class=csc_post_category>Extractivismo Urbano<\/div><div class=csc_post_category>Luchas por la Pacha<\/div><div class=csc_post_category>Lumpenes y Pinekertons<\/div><div class=csc_post_category>Militares y estado: asunto separado<\/div><div class=csc_post_category>Persecusiones pol\u00edticas<\/div><div class=csc_post_category>Pol\u00edtica Nacional<\/div><div class=csc_post_category>Precarizaci\u00f3n y estafas a los humildes<\/div><div class=csc_post_category>Pueblos Originarios<\/div><div class=csc_post_content>\n<figure class=\"wp-block-video\"><video height=\"1078\" style=\"aspect-ratio: 1920 \/ 1078;\" width=\"1920\" controls src=\"https:\/\/locomociontv.org\/wp-content\/uploads\/2023\/08\/Video.Guru_20230801_204500171.mp4\"><\/video><\/figure>\n\n\n<p>Visits: 0<\/p><\/div><div class=csc_break><\/div><\/div><div class=csc_post csc_full><div class=csc_post_thumbnail><img loading=\"lazy\" decoding=\"async\" width=\"150\" height=\"150\" src=\"https:\/\/locomociontv.org\/wp-content\/uploads\/2023\/07\/BackgroundEraser_20230706_162417475-150x150.png\" class=\"attachment-thumbnail size-thumbnail wp-post-image\" alt=\"\" \/><\/div><div class=csc_post_title><a href=\"https:\/\/locomociontv.org\/?p=25997\">UNLP-Periodismo: la formaci\u00f3n de informantes paraestatales y su militarizaci\u00f3n en la prensa del R\u00e9gimen<\/a><\/div><div class=csc_post_date>06\/07\/2023<\/div><div class=csc_post_author>LocomocionTV<\/div><div class=csc_post_category>Abuso de Poder<\/div><div class=csc_post_category>Acci\u00f3n antinazi<\/div><div class=csc_post_category>Aparatos de represi\u00f3n de Estado<\/div><div class=csc_post_category>Burradas del Poder<\/div><div class=csc_post_category>Causas armadas<\/div><div class=csc_post_category>Corruptelas varias<\/div><div class=csc_post_category>Cr\u00edmenes de Lesa Humanidad<\/div><div class=csc_post_category>Cr\u00edmenes de Odio<\/div><div class=csc_post_category>Derechos Humanos<\/div><div class=csc_post_category>Desaparecidos en democracia<\/div><div class=csc_post_category>El Estado de las Luchas<\/div><div class=csc_post_category>El Heraldo Furioso<\/div><div class=csc_post_category>El Irreverente<\/div><div class=csc_post_category>Lumpenes y Pinekertons<\/div><div class=csc_post_category>Militares y estado: asunto separado<\/div><div class=csc_post_category>Persecusiones pol\u00edticas<\/div><div class=csc_post_category>Pol\u00edtica Nacional<\/div><div class=csc_post_category>Precarizaci\u00f3n y estafas a los humildes<\/div><div class=csc_post_category>Programas<\/div><div class=csc_post_content>\n<figure class=\"wp-block-video\"><video height=\"720\" style=\"aspect-ratio: 960 \/ 720;\" width=\"960\" controls poster=\"https:\/\/locomociontv.org\/wp-content\/uploads\/2023\/07\/BackgroundEraser_20230706_171342914.png\" src=\"https:\/\/locomociontv.org\/wp-content\/uploads\/2023\/07\/25977.mp4\"><\/video><\/figure>\n\n\n<p>Visits: 21<\/p><\/div><div class=csc_break><\/div><\/div><div class=csc_post csc_full><div class=csc_post_thumbnail><img loading=\"lazy\" decoding=\"async\" width=\"150\" height=\"150\" src=\"https:\/\/locomociontv.org\/wp-content\/uploads\/2023\/05\/BackgroundEraser_20230527_191624930-150x150.jpg\" class=\"attachment-thumbnail size-thumbnail wp-post-image\" alt=\"\" \/><\/div><div class=csc_post_title><a href=\"https:\/\/locomociontv.org\/?p=26055\">Tetaz apuesta a un duelo de Chukys de la Ultra con Milei<\/a><\/div><div class=csc_post_date>27\/05\/2023<\/div><div class=csc_post_author>Hern\u00e1n Lo Iacono<\/div><div class=csc_post_category>El Heraldo Furioso<\/div><div class=csc_post_category>Elecciones 2023<\/div><div class=csc_post_category>Pol\u00edtica Nacional<\/div><div class=csc_post_category>Proseltitismo Extremo<\/div><div class=csc_post_content>\n<figure class=\"wp-block-video\"><video height=\"720\" style=\"aspect-ratio: 960 \/ 720;\" width=\"960\" controls poster=\"https:\/\/locomociontv.org\/wp-content\/uploads\/2023\/05\/BackgroundEraser_20230527_191624930.jpg\" src=\"https:\/\/locomociontv.org\/wp-content\/uploads\/2023\/05\/26055.mp4\"><\/video><\/figure>\n\n\n<p>Visits: 8<\/p><\/div><div class=csc_break><\/div><\/div><div class=csc_post csc_full><div class=csc_post_thumbnail><img loading=\"lazy\" decoding=\"async\" width=\"150\" height=\"150\" src=\"https:\/\/locomociontv.org\/wp-content\/uploads\/2022\/12\/AFMS-150x150.png\" class=\"attachment-thumbnail size-thumbnail wp-post-image\" alt=\"\" \/><\/div><div class=csc_post_title><a href=\"https:\/\/locomociontv.org\/?p=23398\">&#8220;Pay Day&#8221; para la Liga Menor del Cabaret de Todos<\/a><\/div><div class=csc_post_date>03\/12\/2022<\/div><div class=csc_post_author>LocomocionTV<\/div><div class=csc_post_category>El Cabaret de Todos<\/div><div class=csc_post_category>El Heraldo Furioso<\/div><div class=csc_post_category>Locomoci\u00f3n TV - Noticias<\/div><div class=csc_post_category>Pol\u00edtica Nacional<\/div><div class=csc_post_category>Programas<\/div><div class=csc_post_category>Un Queso de Bola en la Rosada<\/div><div class=csc_post_content>\n<figure class=\"wp-block-embed is-type-video is-provider-youtube wp-block-embed-youtube wp-embed-aspect-16-9 wp-has-aspect-ratio\"><div class=\"wp-block-embed__wrapper\">\n<iframe loading=\"lazy\" title=\"\u201cPay Day\u201d para la Liga Menor del Cabaret de Todos\" width=\"818\" height=\"460\" src=\"https:\/\/www.youtube.com\/embed\/Vb_O0jfaiUM?feature=oembed\" frameborder=\"0\" allow=\"accelerometer; autoplay; clipboard-write; encrypted-media; gyroscope; picture-in-picture\" allowfullscreen><\/iframe>\n<\/div><\/figure>\n\n\n<p>Visits: 0<\/p><\/div><div class=csc_break><\/div><\/div><div class=csc_post csc_full><div class=csc_post_thumbnail><img loading=\"lazy\" decoding=\"async\" width=\"150\" height=\"150\" src=\"https:\/\/locomociontv.org\/wp-content\/uploads\/2022\/12\/causa-vialidad-150x150.jpg\" class=\"attachment-thumbnail size-thumbnail wp-post-image\" alt=\"\" \/><\/div><div class=csc_post_title><a href=\"https:\/\/locomociontv.org\/?p=23390\">Causa Vialidad (4\u00b0 Informe)<\/a><\/div><div class=csc_post_date>02\/12\/2022<\/div><div class=csc_post_author>LocomocionTV<\/div><div class=csc_post_category>Causa Vialidad<\/div><div class=csc_post_category>El Heraldo Furioso<\/div><div class=csc_post_category>Pol\u00edtica Nacional<\/div><div class=csc_post_category>Programas<\/div><div class=csc_post_content>\n<p>La &#8220;Causa Vialidad&#8221; entra en su etapa final y algunos ignaros graciosos suponen que ver\u00e1n a la Vicepresidenta de la Naci\u00f3n con traje a rayas o en prisi\u00f3n o humillada.<br>Lamento pincharle el globo a la ultraderecha defensora de la guillotina para el otro, que generalmente tiene como indicio incriminatorio ser pobre.<br>No necesitamos decir que nada tenemos que ver con esa gente y tampoco tenemos nada que ver con la Vicepresidenta de la Rep\u00fablica y sus modos y caprichos cuasi imperiales.<br>Quiz\u00e1s la admiraci\u00f3n por sus proveedores de la Barrick, Monsanto, Chevron, mezclado con un poco de fundamentalismo muy peronista, la hayan permeado y no tolere ni siquiera que se pregunte c\u00f3mo su familia es multimillonaria.<br>La emperatriz de Tolosa sigue pensando que somos idiotas y un Poder Judicial genuflexo, no le dan se\u00f1ales a este Heraldo de que haya este 6 de diciembre un veredicto condenatorio.<br>\u00bfEn serio alguien pens\u00f3 que el Poder Judicial es el lugar de la justicia?<br>No creo que nadie a\u00fan crea que Cristina est\u00e1 libre de corrupci\u00f3n, pero ya sabemos lo que pasa siempre: la culpa es del otro.<br>Sos vos el que le hace lawfare al Gobierno, vos y solamente vos. Tal el desquicio de esta gente que hoy controla la funci\u00f3n p\u00fablica.<\/p>\n\n\n\n<figure class=\"wp-block-embed is-type-video is-provider-youtube wp-block-embed-youtube wp-embed-aspect-16-9 wp-has-aspect-ratio\"><div class=\"wp-block-embed__wrapper\">\n<iframe loading=\"lazy\" title=\"Causa Vialidad (4\u00b0 Informe)\" width=\"818\" height=\"460\" src=\"https:\/\/www.youtube.com\/embed\/mWLaAtLv6cU?feature=oembed\" frameborder=\"0\" allow=\"accelerometer; autoplay; clipboard-write; encrypted-media; gyroscope; picture-in-picture\" allowfullscreen><\/iframe>\n<\/div><\/figure>\n<p>Visits: 0<\/p><\/div><div class=csc_break><\/div><\/div><div class=csc_post csc_full><div class=csc_post_thumbnail><img loading=\"lazy\" decoding=\"async\" width=\"150\" height=\"150\" src=\"https:\/\/locomociontv.org\/wp-content\/uploads\/2022\/10\/SDM17-150x150.jpg\" class=\"attachment-thumbnail size-thumbnail wp-post-image\" alt=\"\" \/><\/div><div class=csc_post_title><a href=\"https:\/\/locomociontv.org\/?p=22962\">Spa del Memero #17<\/a><\/div><div class=csc_post_date>22\/10\/2022<\/div><div class=csc_post_author>LocomocionTV<\/div><div class=csc_post_category>El Heraldo Furioso<\/div><div class=csc_post_category>El Spa del Memero<\/div><div class=csc_post_category>Humor<\/div><div class=csc_post_category>Memes<\/div><div class=csc_post_category>Programas<\/div><div class=csc_post_content>\n<p>Esta vez ser\u00e1n quince los memes para que se puedan observar bien cada uno de ellos.<\/p>\n\n\n\n<figure class=\"wp-block-embed is-type-video is-provider-youtube wp-block-embed-youtube wp-embed-aspect-16-9 wp-has-aspect-ratio\"><div class=\"wp-block-embed__wrapper\">\n<iframe loading=\"lazy\" title=\"Spa del Memero #17\" width=\"818\" height=\"460\" src=\"https:\/\/www.youtube.com\/embed\/n4MjUOIQsRI?feature=oembed\" frameborder=\"0\" allow=\"accelerometer; autoplay; clipboard-write; encrypted-media; gyroscope; picture-in-picture\" allowfullscreen><\/iframe>\n<\/div><\/figure>\n<p>Visits: 1<\/p><\/div><div class=csc_break><\/div><\/div><div class=csc_post csc_full><div class=csc_post_thumbnail><img loading=\"lazy\" decoding=\"async\" width=\"150\" height=\"150\" src=\"https:\/\/locomociontv.org\/wp-content\/uploads\/2022\/10\/SDM16-150x150.jpg\" class=\"attachment-thumbnail size-thumbnail wp-post-image\" alt=\"\" \/><\/div><div class=csc_post_title><a href=\"https:\/\/locomociontv.org\/?p=22837\">Spa del Memero #16<\/a><\/div><div class=csc_post_date>13\/10\/2022<\/div><div class=csc_post_author>LocomocionTV<\/div><div class=csc_post_category>El Spa del Memero<\/div><div class=csc_post_category>Humor<\/div><div class=csc_post_category>Memes<\/div><div class=csc_post_content>\n<figure class=\"wp-block-embed is-type-video is-provider-youtube wp-block-embed-youtube wp-embed-aspect-16-9 wp-has-aspect-ratio\"><div class=\"wp-block-embed__wrapper\">\n<iframe loading=\"lazy\" title=\"Spa del Memero #16\" width=\"818\" height=\"460\" src=\"https:\/\/www.youtube.com\/embed\/HgXFbpPXqcI?feature=oembed\" frameborder=\"0\" allow=\"accelerometer; autoplay; clipboard-write; encrypted-media; gyroscope; picture-in-picture\" allowfullscreen><\/iframe>\n<\/div><\/figure>\n<p>Visits: 0<\/p><\/div><div class=csc_break><\/div><\/div><div class=csc_post csc_full><div class=csc_post_thumbnail><img loading=\"lazy\" decoding=\"async\" width=\"150\" height=\"150\" src=\"https:\/\/locomociontv.org\/wp-content\/uploads\/2022\/10\/image-26-150x150.png\" class=\"attachment-thumbnail size-thumbnail wp-post-image\" alt=\"Otra semana, otro viaje al Imperio\" \/><\/div><div class=csc_post_title><a href=\"https:\/\/locomociontv.org\/?p=22793\">Esta gesti\u00f3n es una Massa (5\u00b0 Informe)<\/a><\/div><div class=csc_post_date>11\/10\/2022<\/div><div class=csc_post_author>LocomocionTV<\/div><div class=csc_post_category>El Cabaret de Todos<\/div><div class=csc_post_category>El Estado de las Luchas<\/div><div class=csc_post_category>El Heraldo Furioso<\/div><div class=csc_post_category>El Irreverente<\/div><div class=csc_post_category>Locomoci\u00f3n TV - Noticias<\/div><div class=csc_post_category>Programas<\/div><div class=csc_post_content>\n<p>El \u00faltimo mes fue tan de movimientos peronistas a sobarle el lomo al Imperio, que no hay un peronista que se precie que no haya estado en Washington DC en la sacrosanta misi\u00f3n de conseguir d\u00f3lares para pagarle a ellos mismos. Un esquema colonial con multiples amos.<\/p>\n\n\n\n<figure class=\"wp-block-embed is-type-video is-provider-youtube wp-block-embed-youtube wp-embed-aspect-16-9 wp-has-aspect-ratio\"><div class=\"wp-block-embed__wrapper\">\n<iframe loading=\"lazy\" title=\"Esta Gesti\u00f3n es una Massa (5\u00b0 Informe)\" width=\"580\" height=\"326\" src=\"https:\/\/www.youtube.com\/embed\/ioDPg5mu26w?feature=oembed\" frameborder=\"0\" allow=\"accelerometer; autoplay; clipboard-write; encrypted-media; gyroscope; picture-in-picture\" allowfullscreen><\/iframe>\n<\/div><\/figure>\n\n\n<p>Visits: 2<\/p><\/div><div class=csc_break><\/div><\/div><div class=csc_post csc_full><div class=csc_post_thumbnail><img loading=\"lazy\" decoding=\"async\" width=\"150\" height=\"150\" src=\"https:\/\/locomociontv.org\/wp-content\/uploads\/2022\/10\/SDM15-150x150.jpg\" class=\"attachment-thumbnail size-thumbnail wp-post-image\" alt=\"\" \/><\/div><div class=csc_post_title><a href=\"https:\/\/locomociontv.org\/?p=22763\">Spa del Memero #15<\/a><\/div><div class=csc_post_date>07\/10\/2022<\/div><div class=csc_post_author>LocomocionTV<\/div><div class=csc_post_category>El Spa del Memero<\/div><div class=csc_post_category>Humor<\/div><div class=csc_post_category>Memes<\/div><div class=csc_post_content>\n<p>Una semana en la que los memes sobre pol\u00edtica han quedado desairados, ya que pocas nos dan algo de gracia. Igualmente 23 memes pudimos recolectar de todos lados.<\/p>\n\n\n\n<figure class=\"wp-block-embed is-type-video is-provider-youtube wp-block-embed-youtube wp-embed-aspect-16-9 wp-has-aspect-ratio\"><div class=\"wp-block-embed__wrapper\">\n<iframe loading=\"lazy\" title=\"Spa del Memero #15\" width=\"818\" height=\"460\" src=\"https:\/\/www.youtube.com\/embed\/BPkgYNrj_EA?feature=oembed\" frameborder=\"0\" allow=\"accelerometer; autoplay; clipboard-write; encrypted-media; gyroscope; picture-in-picture\" allowfullscreen><\/iframe>\n<\/div><\/figure>\n<p>Visits: 0<\/p><\/div><div class=csc_break><\/div><\/div><div class=csc_post csc_full><div class=csc_post_thumbnail><img loading=\"lazy\" decoding=\"async\" width=\"150\" height=\"150\" src=\"https:\/\/locomociontv.org\/wp-content\/uploads\/2022\/09\/EI47-Centro-150x150.jpg\" class=\"attachment-thumbnail size-thumbnail wp-post-image\" alt=\"\" \/><\/div><div class=csc_post_title><a href=\"https:\/\/locomociontv.org\/?p=22664\">El Irreverente #47<\/a><\/div><div class=csc_post_date>27\/09\/2022<\/div><div class=csc_post_author>LocomocionTV<\/div><div class=csc_post_category>El Cabaret de Todos<\/div><div class=csc_post_category>El Estado de las Luchas<\/div><div class=csc_post_category>El Heraldo Furioso<\/div><div class=csc_post_category>El Irreverente<\/div><div class=csc_post_category>Pol\u00edtica Nacional<\/div><div class=csc_post_category>Programas<\/div><div class=csc_post_content>\n<figure class=\"wp-block-embed is-type-video is-provider-youtube wp-block-embed-youtube wp-embed-aspect-16-9 wp-has-aspect-ratio\"><div class=\"wp-block-embed__wrapper\">\n<iframe loading=\"lazy\" title=\"El Irreverente #47 - Bloque #01 (Parte #1)\" width=\"818\" height=\"460\" src=\"https:\/\/www.youtube.com\/embed\/9jIsWsGhEvs?list=PL8Vh50wrvniztTRZ7N5M0kSRRW44Bx2uw\" frameborder=\"0\" allow=\"accelerometer; autoplay; clipboard-write; encrypted-media; gyroscope; picture-in-picture\" allowfullscreen><\/iframe>\n<\/div><\/figure>\n<p>Visits: 0<\/p><\/div><div class=csc_break><\/div><\/div>\n\n\n\n<h2 class=\"wp-block-heading\">Todo los videos de El Heraldo Furioso<\/h2>\n\n\n\n<figure class=\"wp-block-embed is-type-video is-provider-youtube wp-block-embed-youtube wp-embed-aspect-16-9 wp-has-aspect-ratio\"><div class=\"wp-block-embed__wrapper\">\n<iframe loading=\"lazy\" title=\"Intro Heraldo Furioso\" width=\"580\" height=\"326\" src=\"https:\/\/www.youtube.com\/embed\/fHDSxFzi5_E?list=PL8Vh50wrvnixkOkjgfKIzEHCXMRmQj4hl\" frameborder=\"0\" allow=\"accelerometer; autoplay; clipboard-write; encrypted-media; gyroscope; picture-in-picture\" allowfullscreen><\/iframe>\n<\/div><\/figure>\n<p>Visits: 0<\/p>","protected":false},"excerpt":{"rendered":"<p>P\u00e1gina de Facebook Todo los videos de El Heraldo Furioso Visits: 0<\/p>\n","protected":false},"author":1,"featured_media":19968,"parent":2,"menu_order":0,"comment_status":"closed","ping_status":"closed","template":"","meta":{"footnotes":""},"class_list":["post-19967","page","type-page","status-publish","has-post-thumbnail","hentry","post-dark","post-wide","has-post-thumb"],"_links":{"self":[{"href":"https:\/\/locomociontv.org\/index.php?rest_route=\/wp\/v2\/pages\/19967","targetHints":{"allow":["GET"]}}],"collection":[{"href":"https:\/\/locomociontv.org\/index.php?rest_route=\/wp\/v2\/pages"}],"about":[{"href":"https:\/\/locomociontv.org\/index.php?rest_route=\/wp\/v2\/types\/page"}],"author":[{"embeddable":true,"href":"https:\/\/locomociontv.org\/index.php?rest_route=\/wp\/v2\/users\/1"}],"replies":[{"embeddable":true,"href":"https:\/\/locomociontv.org\/index.php?rest_route=%2Fwp%2Fv2%2Fcomments&post=19967"}],"version-history":[{"count":5,"href":"https:\/\/locomociontv.org\/index.php?rest_route=\/wp\/v2\/pages\/19967\/revisions"}],"predecessor-version":[{"id":20108,"href":"https:\/\/locomociontv.org\/index.php?rest_route=\/wp\/v2\/pages\/19967\/revisions\/20108"}],"up":[{"embeddable":true,"href":"https:\/\/locomociontv.org\/index.php?rest_route=\/wp\/v2\/pages\/2"}],"wp:featuredmedia":[{"embeddable":true,"href":"https:\/\/locomociontv.org\/index.php?rest_route=\/wp\/v2\/media\/19968"}],"wp:attachment":[{"href":"https:\/\/locomociontv.org\/index.php?rest_route=%2Fwp%2Fv2%2Fmedia&parent=19967"}],"curies":[{"name":"wp","href":"https:\/\/api.w.org\/{rel}","templated":true}]}}