{"id":19904,"date":"2021-04-01T04:03:55","date_gmt":"2021-04-01T07:03:55","guid":{"rendered":"https:\/\/locomociontv.org\/?page_id=19904"},"modified":"2021-04-01T04:08:54","modified_gmt":"2021-04-01T07:08:54","slug":"historias-irreverentes-del-cine","status":"publish","type":"page","link":"https:\/\/locomociontv.org\/?page_id=19904","title":{"rendered":"HISTORIAS IRREVERENTES DEL CINE"},"content":{"rendered":"\n<div class=\"wp-block-image\"><figure class=\"aligncenter size-large is-resized\"><img loading=\"lazy\" decoding=\"async\" src=\"https:\/\/locomociontv.org\/wp-content\/uploads\/2021\/04\/hic0101-1024x576.jpg\" alt=\"\" class=\"wp-image-19901\" width=\"840\" height=\"472\" srcset=\"https:\/\/locomociontv.org\/wp-content\/uploads\/2021\/04\/hic0101-1024x576.jpg 1024w, https:\/\/locomociontv.org\/wp-content\/uploads\/2021\/04\/hic0101-300x169.jpg 300w, https:\/\/locomociontv.org\/wp-content\/uploads\/2021\/04\/hic0101-768x432.jpg 768w, https:\/\/locomociontv.org\/wp-content\/uploads\/2021\/04\/hic0101-1536x864.jpg 1536w, https:\/\/locomociontv.org\/wp-content\/uploads\/2021\/04\/hic0101.jpg 1920w\" sizes=\"auto, (max-width: 840px) 100vw, 840px\" \/><figcaption><strong><em> EPISODIO #01 &#8211; El fanatismo y sus modos en El Gran Dictador<\/em><\/strong><\/figcaption><\/figure><\/div>\n\n\n\n<iframe loading=\"lazy\" width=\"640\" height=\"360\" src=\"https:\/\/www.youtube.com\/embed\/FLFbOrpsxyg\" title=\"YouTube video player\" frameborder=\"0\" allow=\"accelerometer; autoplay; clipboard-write; encrypted-media; gyroscope; picture-in-picture\" allowfullscreen=\"\"><\/iframe>\n\n\n\n<p><em>Una busqueda de historias dentro de las historias mismas. Esta vez una gu\u00eda completa del fanatismo y sus m\u00f3viles instintivos en la pel\u00edcula &#8220;El Gran Dictador&#8221; (1940) de Charles Chaplin.<\/em><\/p>\n<div class=\"pdfprnt-buttons pdfprnt-buttons-page pdfprnt-bottom-right\"><a href=\"https:\/\/locomociontv.org\/index.php?rest_route=%2Fwp%2Fv2%2Fpages%2F19904&print=pdf\" class=\"pdfprnt-button pdfprnt-button-pdf\" target=\"_blank\" ><img decoding=\"async\" src=\"https:\/\/locomociontv.org\/wp-content\/plugins\/pdf-print\/images\/pdf.png\" alt=\"image_pdf\" title=\"View PDF\" \/><span class=\"pdfprnt-button-title pdfprnt-button-pdf-title\">Hacer PDF<\/span><\/a><a href=\"https:\/\/locomociontv.org\/index.php?rest_route=%2Fwp%2Fv2%2Fpages%2F19904&print=print\" class=\"pdfprnt-button pdfprnt-button-print\" target=\"_blank\" ><img decoding=\"async\" src=\"https:\/\/locomociontv.org\/wp-content\/plugins\/pdf-print\/images\/print.png\" alt=\"image_print\" title=\"Print Content\" \/><span class=\"pdfprnt-button-title pdfprnt-button-print-title\">Imprimir<\/span><\/a><\/div><p>Views: 1<\/p>","protected":false},"excerpt":{"rendered":"<p> Views: 1<\/p>\n","protected":false},"author":1,"featured_media":19901,"parent":2,"menu_order":0,"comment_status":"closed","ping_status":"closed","template":"","meta":{"footnotes":""},"class_list":["post-19904","page","type-page","status-publish","has-post-thumbnail","hentry","post-bright","has-post-thumb"],"_links":{"self":[{"href":"https:\/\/locomociontv.org\/index.php?rest_route=\/wp\/v2\/pages\/19904","targetHints":{"allow":["GET"]}}],"collection":[{"href":"https:\/\/locomociontv.org\/index.php?rest_route=\/wp\/v2\/pages"}],"about":[{"href":"https:\/\/locomociontv.org\/index.php?rest_route=\/wp\/v2\/types\/page"}],"author":[{"embeddable":true,"href":"https:\/\/locomociontv.org\/index.php?rest_route=\/wp\/v2\/users\/1"}],"replies":[{"embeddable":true,"href":"https:\/\/locomociontv.org\/index.php?rest_route=%2Fwp%2Fv2%2Fcomments&post=19904"}],"version-history":[{"count":2,"href":"https:\/\/locomociontv.org\/index.php?rest_route=\/wp\/v2\/pages\/19904\/revisions"}],"predecessor-version":[{"id":19909,"href":"https:\/\/locomociontv.org\/index.php?rest_route=\/wp\/v2\/pages\/19904\/revisions\/19909"}],"up":[{"embeddable":true,"href":"https:\/\/locomociontv.org\/index.php?rest_route=\/wp\/v2\/pages\/2"}],"wp:featuredmedia":[{"embeddable":true,"href":"https:\/\/locomociontv.org\/index.php?rest_route=\/wp\/v2\/media\/19901"}],"wp:attachment":[{"href":"https:\/\/locomociontv.org\/index.php?rest_route=%2Fwp%2Fv2%2Fmedia&parent=19904"}],"curies":[{"name":"wp","href":"https:\/\/api.w.org\/{rel}","templated":true}]}}