{"id":19097,"date":"2020-09-06T23:39:04","date_gmt":"2020-09-07T02:39:04","guid":{"rendered":"https:\/\/locomociontv.org\/?page_id=19097"},"modified":"2020-09-06T23:47:57","modified_gmt":"2020-09-07T02:47:57","slug":"anred","status":"publish","type":"page","link":"https:\/\/locomociontv.org\/?page_id=19097","title":{"rendered":"ANRed"},"content":{"rendered":"<ul class=\"has-dates has-excerpts wp-block-rss\"><li class='wp-block-rss__item'><div class='wp-block-rss__item-title'><a href='https:\/\/www.anred.org\/crueldad-sanitaria-el-gobierno-nacional-anuncio-vaciamiento-del-programa-remediar\/?utm_source=rss&#038;utm_medium=rss&#038;utm_campaign=crueldad-sanitaria-el-gobierno-nacional-anuncio-vaciamiento-del-programa-remediar'>Crueldad sanitaria: el gobierno nacional anunci\u00f3 vaciamiento del Programa Remediar<\/a><\/div><time datetime=\"2026-04-20T16:17:33-03:00\" class=\"wp-block-rss__item-publish-date\">20\/04\/2026<\/time> <div class=\"wp-block-rss__item-excerpt\">A pocos d\u00edas de asumir Javier Milei dej\u00f3 sin funcionamiento la direcci\u00f3n (DADSE) de asistencia para ciudadanos con c\u00e1ncer y enfermedades con tratamientos de alto costo, r\u00e1pidamente se acumularon m\u00e1s de 1800 expedientes sin respuestas, se estima que alcanzaba a 4000 enfermos en todo el pa\u00eds, 1463 solo de la Provincia de Buenos Aires. Tambi\u00e9n [&hellip;]<\/div><\/li><li class='wp-block-rss__item'><div class='wp-block-rss__item-title'><a href='https:\/\/www.anred.org\/abandono-de-la-exploracion-petrolera-y-gasifera-en-las-costas-de-mar-del-plata-shell-y-qatar-dejan-la-busqueda-despues-de-anos-de-promesas\/?utm_source=rss&#038;utm_medium=rss&#038;utm_campaign=abandono-de-la-exploracion-petrolera-y-gasifera-en-las-costas-de-mar-del-plata-shell-y-qatar-dejan-la-busqueda-despues-de-anos-de-promesas'>Abandono de la exploraci\u00f3n petrolera y gas\u00edfera en las costas de Mar del Plata: Shell y Qatar dejan la b\u00fasqueda despu\u00e9s de a\u00f1os de promesas<\/a><\/div><time datetime=\"2026-04-20T10:52:16-03:00\" class=\"wp-block-rss__item-publish-date\">20\/04\/2026<\/time> <div class=\"wp-block-rss__item-excerpt\">Durante a\u00f1os, el offshore petrolero fue presentado en el discurso medi\u00e1tico as\u00ed como de distintos sectores pol\u00edticos y empresariales como una suerte de salvaci\u00f3n econ\u00f3mica. Sin embargo, hoy el proceso va en retroceso. En los \u00faltimos d\u00edas se dieron de baja los permisos de exploraci\u00f3n en los bloques de la Cuenca Argentina Norte (CAN) 107 [&hellip;]<\/div><\/li><li class='wp-block-rss__item'><div class='wp-block-rss__item-title'><a href='https:\/\/www.anred.org\/llevamos-ayuda-humanitaria\/?utm_source=rss&#038;utm_medium=rss&#038;utm_campaign=llevamos-ayuda-humanitaria'>\u00abLlevamos ayuda humanitaria, mientras los gobiernos no hacen nada y la prensa nos difama\u00bb<\/a><\/div><time datetime=\"2026-04-20T10:34:00-03:00\" class=\"wp-block-rss__item-publish-date\">20\/04\/2026<\/time> <div class=\"wp-block-rss__item-excerpt\">\u00abSi no tienes cuidado, los medios de comunicaci\u00f3n te har\u00e1n odiar al oprimido y amar al opresor\u00bb, una frase de Malcom X que sintetiza una foto de \u00e9poca: los medios de comunicaci\u00f3n que nada han dicho del genocidio perpetrado por Israel contra el pueblo palestino, tratan de instalar una campa\u00f1a de desinformaci\u00f3n respecto a la [&hellip;]<\/div><\/li><li class='wp-block-rss__item'><div class='wp-block-rss__item-title'><a href='https:\/\/www.anred.org\/persecucion-en-el-hospital-italiano-despidieron-a-cesar-latorre\/?utm_source=rss&#038;utm_medium=rss&#038;utm_campaign=persecucion-en-el-hospital-italiano-despidieron-a-cesar-latorre'>Persecuci\u00f3n en el Hospital Italiano: despidieron a C\u00e9sar Latorre<\/a><\/div><time datetime=\"2026-04-20T09:51:29-03:00\" class=\"wp-block-rss__item-publish-date\">20\/04\/2026<\/time> <div class=\"wp-block-rss__item-excerpt\">La patronal del Hospital Italiano de la Ciudad de Buenos Aires ech\u00f3 sin causa a C\u00e9sar Latorre, quien fue delegado general de la Comisi\u00f3n Interna de dicho nosocomio hasta el a\u00f1o 2024. Aprovechando que ya no tiene fueros, y ante la proximidad de nuevas elecciones de delegados, la empresa avanz\u00f3 contra un referente hist\u00f3rico de [&hellip;]<\/div><\/li><li class='wp-block-rss__item'><div class='wp-block-rss__item-title'><a href='https:\/\/www.anred.org\/avanza-el-juicio-por-lesiones-contra-el-lider-de-la-patota-de-jsrn-en-la-comarca-andina\/?utm_source=rss&#038;utm_medium=rss&#038;utm_campaign=avanza-el-juicio-por-lesiones-contra-el-lider-de-la-patota-de-jsrn-en-la-comarca-andina'>Avanza el juicio por lesiones contra el l\u00edder de la patota de JSRN en la Comarca Andina<\/a><\/div><time datetime=\"2026-04-18T14:10:55-03:00\" class=\"wp-block-rss__item-publish-date\">18\/04\/2026<\/time> <div class=\"wp-block-rss__item-excerpt\">Hugo V\u00edctor Araneda enfrenta un juicio por las lesiones producidas a un vecino de Foyel en febrero de 2024. La Fiscal\u00eda, a cargo del Dr. Francisco Arrien, nuevamente tiene que definir su posici\u00f3n en una causa marcada por el trasfondo pol\u00edtico y la falta de investigaci\u00f3n en hechos anteriores.\u00a0El lunes 13 de abril se llev\u00f3 [&hellip;]<\/div><\/li><li class='wp-block-rss__item'><div class='wp-block-rss__item-title'><a href='https:\/\/www.anred.org\/capital-humano-falsea-el-censo-de-personas-en-situacion-de-calle\/?utm_source=rss&#038;utm_medium=rss&#038;utm_campaign=capital-humano-falsea-el-censo-de-personas-en-situacion-de-calle'>Capital Humano falsea el Censo de personas en situaci\u00f3n de calle<\/a><\/div><time datetime=\"2026-04-18T11:50:42-03:00\" class=\"wp-block-rss__item-publish-date\">18\/04\/2026<\/time> <div class=\"wp-block-rss__item-excerpt\">El Ministerio de Capital Humano realiza un mapeo fraudulento sobre las personas en situaci\u00f3n de calle. Llama Nacional a un censo que trabaj\u00f3 sobre 19 provincias, de las 24 que componen el territorio. No consult\u00f3 a ning\u00fan organismo especializado en el tema, que es una medida\u00a0por ley obligatoria. Y tampoco deja en claro qu\u00e9 tipo [&hellip;]<\/div><\/li><li class='wp-block-rss__item'><div class='wp-block-rss__item-title'><a href='https:\/\/www.anred.org\/ciencia-para-unir-las-luchas-trabajadores-as-del-conicet-realizan-una-feria-de-ciencias-en-las-puertas-de-fate\/?utm_source=rss&#038;utm_medium=rss&#038;utm_campaign=ciencia-para-unir-las-luchas-trabajadores-as-del-conicet-realizan-una-feria-de-ciencias-en-las-puertas-de-fate'>\u00abCiencia para unir las luchas\u00bb: trabajadores\/as del CONICET realizan una feria de ciencias en las puertas de FATE<\/a><\/div><time datetime=\"2026-04-18T10:53:27-03:00\" class=\"wp-block-rss__item-publish-date\">18\/04\/2026<\/time> <div class=\"wp-block-rss__item-excerpt\">Bajo el lema \u00abCiencia para unir las luchas\u00bb, este s\u00e1bado 18 de abril, de 14 a 19, las y los trabajadores de ciencia del Consejo Nacional de Investigaciones Cient\u00edficas y T\u00e9cnicas (CONICET) realizar\u00e1n una Feria de Ciencias en las puertas de la planta de FATE en la localidad de Victoria. El objetivo es unir su [&hellip;]<\/div><\/li><li class='wp-block-rss__item'><div class='wp-block-rss__item-title'><a href='https:\/\/www.anred.org\/la-fuerza-invisible\/?utm_source=rss&#038;utm_medium=rss&#038;utm_campaign=la-fuerza-invisible'>La fuerza invisible<\/a><\/div><time datetime=\"2026-04-17T20:13:45-03:00\" class=\"wp-block-rss__item-publish-date\">17\/04\/2026<\/time> <div class=\"wp-block-rss__item-excerpt\">La fuerza de la gravedad es una obra que funda una metaf\u00edsica de la amistad, un lugar de memoria, alegr\u00eda, tristeza, y soledad, en un balance de los v\u00ednculos que unen a una persona hasta disolverse en una imagen que se vuelve pura ficci\u00f3n de la mirada y la experiencia. Por Hern\u00e1n Bay\u00f3n para Anred.\u00a0 [&hellip;]<\/div><\/li><li class='wp-block-rss__item'><div class='wp-block-rss__item-title'><a href='https:\/\/www.anred.org\/en-el-dia-internacional-del-preso-politico-el-sionismo-busca-impedir-actividad-en-apoyo-al-pueblo-palestino\/?utm_source=rss&#038;utm_medium=rss&#038;utm_campaign=en-el-dia-internacional-del-preso-politico-el-sionismo-busca-impedir-actividad-en-apoyo-al-pueblo-palestino'>En el D\u00eda Internacional del Preso Pol\u00edtico, el sionismo busca impedir actividad en apoyo al pueblo palestino<\/a><\/div><time datetime=\"2026-04-17T11:00:55-03:00\" class=\"wp-block-rss__item-publish-date\">17\/04\/2026<\/time> <div class=\"wp-block-rss__item-excerpt\">Hoy se conmemora el D\u00eda Internacional del Preso Pol\u00edtico, que busca visibilizar a las personas recluidas por motivos pol\u00edticos y luchar por su libertad, cuyo origen fue la liberaci\u00f3n del luchador palestino Mahmud Baker Hijazi en 1974. En ese marco, la Delegaci\u00f3n de Asociaciones Israelitas Argentinas (DAIA) de Rosario, medios hegem\u00f3nicos y periodistas sionistas instalaron [&hellip;]<\/div><\/li><li class='wp-block-rss__item'><div class='wp-block-rss__item-title'><a href='https:\/\/www.anred.org\/fragil-tregua-denuncias-contra-israel-e-incertidumbre-en-la-region\/?utm_source=rss&#038;utm_medium=rss&#038;utm_campaign=fragil-tregua-denuncias-contra-israel-e-incertidumbre-en-la-region'>Fragil tregua: denuncias contra Israel e incertidumbre en la regi\u00f3n<\/a><\/div><time datetime=\"2026-04-16T20:18:03-03:00\" class=\"wp-block-rss__item-publish-date\">16\/04\/2026<\/time> <div class=\"wp-block-rss__item-excerpt\">El anuncio de un alto el fuego de diez d\u00edas entre Israel y el L\u00edbano, impulsado por el presidente estadounidense Donald Trump, volvi\u00f3 a exponer el car\u00e1cter fr\u00e1gil y condicionado de las llamadas \u201ctreguas\u201d en Medio Oriente. Aunque presentado como un avance diplom\u00e1tico tras reuniones en Washington, los hechos en el terreno desmienten r\u00e1pidamente cualquier [&hellip;]<\/div><\/li><\/ul><p>Visits: 0<\/p>","protected":false},"excerpt":{"rendered":"<p>Visits: 0<\/p>\n","protected":false},"author":1,"featured_media":19099,"parent":318,"menu_order":0,"comment_status":"closed","ping_status":"closed","template":"","meta":{"footnotes":""},"class_list":["post-19097","page","type-page","status-publish","has-post-thumbnail","hentry","post-bright","has-post-thumb","small-thumb"],"_links":{"self":[{"href":"https:\/\/locomociontv.org\/index.php?rest_route=\/wp\/v2\/pages\/19097","targetHints":{"allow":["GET"]}}],"collection":[{"href":"https:\/\/locomociontv.org\/index.php?rest_route=\/wp\/v2\/pages"}],"about":[{"href":"https:\/\/locomociontv.org\/index.php?rest_route=\/wp\/v2\/types\/page"}],"author":[{"embeddable":true,"href":"https:\/\/locomociontv.org\/index.php?rest_route=\/wp\/v2\/users\/1"}],"replies":[{"embeddable":true,"href":"https:\/\/locomociontv.org\/index.php?rest_route=%2Fwp%2Fv2%2Fcomments&post=19097"}],"version-history":[{"count":1,"href":"https:\/\/locomociontv.org\/index.php?rest_route=\/wp\/v2\/pages\/19097\/revisions"}],"predecessor-version":[{"id":19098,"href":"https:\/\/locomociontv.org\/index.php?rest_route=\/wp\/v2\/pages\/19097\/revisions\/19098"}],"up":[{"embeddable":true,"href":"https:\/\/locomociontv.org\/index.php?rest_route=\/wp\/v2\/pages\/318"}],"wp:featuredmedia":[{"embeddable":true,"href":"https:\/\/locomociontv.org\/index.php?rest_route=\/wp\/v2\/media\/19099"}],"wp:attachment":[{"href":"https:\/\/locomociontv.org\/index.php?rest_route=%2Fwp%2Fv2%2Fmedia&parent=19097"}],"curies":[{"name":"wp","href":"https:\/\/api.w.org\/{rel}","templated":true}]}}