{"id":19021,"date":"2020-08-26T23:24:19","date_gmt":"2020-08-27T02:24:19","guid":{"rendered":"https:\/\/locomociontv.org\/?page_id=19021"},"modified":"2020-08-26T23:31:52","modified_gmt":"2020-08-27T02:31:52","slug":"imagenes-del-ancho-mundo","status":"publish","type":"page","link":"https:\/\/locomociontv.org\/?page_id=19021","title":{"rendered":"Im\u00e1genes del ancho mundo"},"content":{"rendered":"\n<p><em><strong>En esta p\u00e1gina incluiremos im\u00e1genes, momentos, fotos y cosas que nos muestren necesidades que se reflejan en las calles\u2026<\/strong><\/em><br><div class=csc_post csc_full><div class=csc_post_thumbnail><\/div><div class=csc_post_title><a href=\"https:\/\/locomociontv.org\/?p=24755\">Las paredes dicen&#8230; Y muchas veces aciertan&#8230;<\/a><\/div><div class=csc_post_date>23\/03\/2023<\/div><div class=csc_post_author>LocomocionTV<\/div><div class=csc_post_category>Humor<\/div><div class=csc_post_category>Im\u00e1genes del ancho mundo<\/div><div class=csc_post_category>Las paredes dicen...<\/div><div class=csc_post_category>Memes<\/div><div class=csc_post_content>\n<figure class=\"wp-block-image size-full is-resized\"><img loading=\"lazy\" decoding=\"async\" src=\"https:\/\/locomociontv.org\/wp-content\/uploads\/2023\/03\/image-47.png\" alt=\"\" class=\"wp-image-24756\" width=\"839\" height=\"349\" srcset=\"https:\/\/locomociontv.org\/wp-content\/uploads\/2023\/03\/image-47.png 563w, https:\/\/locomociontv.org\/wp-content\/uploads\/2023\/03\/image-47-300x125.png 300w\" sizes=\"auto, (max-width: 839px) 100vw, 839px\" \/><\/figure>\n<p>Visits: 0<\/p><\/div><div class=csc_break><\/div><\/div><div class=csc_post csc_full><div class=csc_post_thumbnail><\/div><div class=csc_post_title><a href=\"https:\/\/locomociontv.org\/?p=20987\">Un problema de nuestros tiempos&#8230;<\/a><\/div><div class=csc_post_date>01\/10\/2021<\/div><div class=csc_post_author>LocomocionTV<\/div><div class=csc_post_category>Im\u00e1genes del ancho mundo<\/div><div class=csc_post_content>\n<figure class=\"wp-block-image size-full\"><img loading=\"lazy\" decoding=\"async\" width=\"540\" height=\"710\" src=\"https:\/\/locomociontv.org\/wp-content\/uploads\/2021\/10\/FB_IMG_1633106468543.jpg\" alt=\"\" class=\"wp-image-20988\" srcset=\"https:\/\/locomociontv.org\/wp-content\/uploads\/2021\/10\/FB_IMG_1633106468543.jpg 540w, https:\/\/locomociontv.org\/wp-content\/uploads\/2021\/10\/FB_IMG_1633106468543-228x300.jpg 228w\" sizes=\"auto, (max-width: 540px) 100vw, 540px\" \/><figcaption>En los casos extremos se acompa\u00f1a de expresiones de odio hacia la coherencia que ellos perdieron y comienzan las acusaciones, las simulaciones de escarni\u00f3 p\u00fablico y las amenazas m\u00e1s rid\u00edculas.<\/figcaption><\/figure>\n<p>Visits: 0<\/p><\/div><div class=csc_break><\/div><\/div><div class=csc_post csc_full><div class=csc_post_thumbnail><img loading=\"lazy\" decoding=\"async\" width=\"150\" height=\"150\" src=\"https:\/\/locomociontv.org\/wp-content\/uploads\/2020\/10\/estoeskirchnerismo-150x150.jpg\" class=\"attachment-thumbnail size-thumbnail wp-post-image\" alt=\"\" \/><\/div><div class=csc_post_title><a href=\"https:\/\/locomociontv.org\/?p=19336\">PAISAJE DEL DESALOJO: GUERNICA<\/a><\/div><div class=csc_post_date>30\/10\/2020<\/div><div class=csc_post_author>LocomocionTV<\/div><div class=csc_post_category>Im\u00e1genes del ancho mundo<\/div><div class=csc_post_content>\n<p class=\"has-text-align-right\"><strong><em><a href=\"https:\/\/www.facebook.com\/media\/set\/?vanity=reinaldo.ortega1&amp;set=a.3868595853150414\" target=\"_blank\" rel=\"noreferrer noopener\">FOTOCOBERTURA DE REINALDO ORTEGA<\/a><\/em><\/strong><\/p>\n\n\n\n<div class=\"wp-block-image\"><figure class=\"aligncenter size-large\"><a href=\"https:\/\/www.facebook.com\/photo?fbid=3868578329818833&amp;set=a.3868595853150414\" target=\"_blank\" rel=\"noopener noreferrer\"><img loading=\"lazy\" decoding=\"async\" width=\"782\" height=\"1024\" src=\"https:\/\/locomociontv.org\/wp-content\/uploads\/2020\/10\/estoeskirchnerismo-782x1024.jpg\" alt=\"\" class=\"wp-image-19337\" srcset=\"https:\/\/locomociontv.org\/wp-content\/uploads\/2020\/10\/estoeskirchnerismo-782x1024.jpg 782w, https:\/\/locomociontv.org\/wp-content\/uploads\/2020\/10\/estoeskirchnerismo-229x300.jpg 229w, https:\/\/locomociontv.org\/wp-content\/uploads\/2020\/10\/estoeskirchnerismo-768x1006.jpg 768w, https:\/\/locomociontv.org\/wp-content\/uploads\/2020\/10\/estoeskirchnerismo-1172x1536.jpg 1172w, https:\/\/locomociontv.org\/wp-content\/uploads\/2020\/10\/estoeskirchnerismo.jpg 1374w\" sizes=\"auto, (max-width: 782px) 100vw, 782px\" \/><\/a><figcaption><strong><em>NOTA DE LA REDACCI\u00d3N: CUANDO UNA IMAGEN ES MEJOR QUE MILES DE PALABRAS<\/em><\/strong><\/figcaption><\/figure><\/div>\n<p>Visits: 0<\/p><\/div><div class=csc_break><\/div><\/div><div class=csc_post csc_full><div class=csc_post_thumbnail><img loading=\"lazy\" decoding=\"async\" width=\"150\" height=\"150\" src=\"https:\/\/locomociontv.org\/wp-content\/uploads\/2020\/10\/IMG-20201029-WA0176-150x150.jpg\" class=\"attachment-thumbnail size-thumbnail wp-post-image\" alt=\"\" \/><\/div><div class=csc_post_title><a href=\"https:\/\/locomociontv.org\/?p=19319\">Guernica: un dolor iracundo<\/a><\/div><div class=csc_post_date>29\/10\/2020<\/div><div class=csc_post_author>LocomocionTV<\/div><div class=csc_post_category>Abuso de Poder<\/div><div class=csc_post_category>Acci\u00f3n antinazi<\/div><div class=csc_post_category>Aparatos de represi\u00f3n de Estado<\/div><div class=csc_post_category>Burradas del Poder<\/div><div class=csc_post_category>Corruptelas varias<\/div><div class=csc_post_category>Cr\u00edmenes de Lesa Humanidad<\/div><div class=csc_post_category>Cr\u00edmenes de Odio<\/div><div class=csc_post_category>Crisis sanitaria en la Argentina<\/div><div class=csc_post_category>Derecho a la Salud<\/div><div class=csc_post_category>Derechos Humanos<\/div><div class=csc_post_category>Desaparecidos en democracia<\/div><div class=csc_post_category>Discapacidad<\/div><div class=csc_post_category>El Estado de las Luchas<\/div><div class=csc_post_category>El Irreverente<\/div><div class=csc_post_category>Extractivismo Urbano<\/div><div class=csc_post_category>Im\u00e1genes del ancho mundo<\/div><div class=csc_post_category>Lecturas irreverentes<\/div><div class=csc_post_category>Locuras en Pandemia 2020<\/div><div class=csc_post_category>Luchas de clase<\/div><div class=csc_post_category>Luchas de Mujeres<\/div><div class=csc_post_category>Luchas por la Educaci\u00f3n<\/div><div class=csc_post_category>Luchas por la Pacha<\/div><div class=csc_post_category>Lumpenes y Pinekertons<\/div><div class=csc_post_category>Persecusiones pol\u00edticas<\/div><div class=csc_post_category>Pol\u00edtica Nacional<\/div><div class=csc_post_category>Precarizaci\u00f3n y estafas a los humildes<\/div><div class=csc_post_category>Programas<\/div><div class=csc_post_content>\n<figure class=\"wp-block-gallery columns-3 is-cropped wp-block-gallery-1 is-layout-flex wp-block-gallery-is-layout-flex\"><ul class=\"blocks-gallery-grid\"><li class=\"blocks-gallery-item\"><figure><img loading=\"lazy\" decoding=\"async\" width=\"1024\" height=\"804\" src=\"https:\/\/locomociontv.org\/wp-content\/uploads\/2020\/10\/IMG-20201029-WA0176-1024x804.jpg\" alt=\"\" data-id=\"19318\" data-full-url=\"https:\/\/locomociontv.org\/wp-content\/uploads\/2020\/10\/IMG-20201029-WA0176.jpg\" data-link=\"https:\/\/locomociontv.org\/?attachment_id=19318\" class=\"wp-image-19318\" srcset=\"https:\/\/locomociontv.org\/wp-content\/uploads\/2020\/10\/IMG-20201029-WA0176-1024x804.jpg 1024w, https:\/\/locomociontv.org\/wp-content\/uploads\/2020\/10\/IMG-20201029-WA0176-300x236.jpg 300w, https:\/\/locomociontv.org\/wp-content\/uploads\/2020\/10\/IMG-20201029-WA0176-768x603.jpg 768w, https:\/\/locomociontv.org\/wp-content\/uploads\/2020\/10\/IMG-20201029-WA0176.jpg 1080w\" sizes=\"auto, (max-width: 1024px) 100vw, 1024px\" \/><figcaption class=\"blocks-gallery-item__caption\">Flyers, no memes I<\/figcaption><\/figure><\/li><li class=\"blocks-gallery-item\"><figure><img loading=\"lazy\" decoding=\"async\" width=\"720\" height=\"547\" src=\"https:\/\/locomociontv.org\/wp-content\/uploads\/2020\/10\/IMG-20201029-WA0203.jpg\" alt=\"\" data-id=\"19317\" data-full-url=\"https:\/\/locomociontv.org\/wp-content\/uploads\/2020\/10\/IMG-20201029-WA0203.jpg\" data-link=\"https:\/\/locomociontv.org\/?attachment_id=19317\" class=\"wp-image-19317\" srcset=\"https:\/\/locomociontv.org\/wp-content\/uploads\/2020\/10\/IMG-20201029-WA0203.jpg 720w, https:\/\/locomociontv.org\/wp-content\/uploads\/2020\/10\/IMG-20201029-WA0203-300x228.jpg 300w\" sizes=\"auto, (max-width: 720px) 100vw, 720px\" \/><figcaption class=\"blocks-gallery-item__caption\">Quemando la mentira con la Topadora Liberal<\/figcaption><\/figure><\/li><li class=\"blocks-gallery-item\"><figure><img loading=\"lazy\" decoding=\"async\" width=\"509\" height=\"720\" src=\"https:\/\/locomociontv.org\/wp-content\/uploads\/2020\/10\/IMG-20201029-WA0202.jpg\" alt=\"\" data-id=\"19316\" data-full-url=\"https:\/\/locomociontv.org\/wp-content\/uploads\/2020\/10\/IMG-20201029-WA0202.jpg\" data-link=\"https:\/\/locomociontv.org\/?attachment_id=19316\" class=\"wp-image-19316\" srcset=\"https:\/\/locomociontv.org\/wp-content\/uploads\/2020\/10\/IMG-20201029-WA0202.jpg 509w, https:\/\/locomociontv.org\/wp-content\/uploads\/2020\/10\/IMG-20201029-WA0202-212x300.jpg 212w\" sizes=\"auto, (max-width: 509px) 100vw, 509px\" \/><figcaption class=\"blocks-gallery-item__caption\">Flyers, no memes II<\/figcaption><\/figure><\/li><li class=\"blocks-gallery-item\"><figure><img loading=\"lazy\" decoding=\"async\" width=\"768\" height=\"432\" src=\"https:\/\/locomociontv.org\/wp-content\/uploads\/2020\/10\/nolosquierennilosperros.jpg\" alt=\"\" data-id=\"19309\" data-full-url=\"https:\/\/locomociontv.org\/wp-content\/uploads\/2020\/10\/nolosquierennilosperros.jpg\" data-link=\"https:\/\/locomociontv.org\/?attachment_id=19309\" class=\"wp-image-19309\" srcset=\"https:\/\/locomociontv.org\/wp-content\/uploads\/2020\/10\/nolosquierennilosperros.jpg 768w, https:\/\/locomociontv.org\/wp-content\/uploads\/2020\/10\/nolosquierennilosperros-300x169.jpg 300w\" sizes=\"auto, (max-width: 768px) 100vw, 768px\" \/><figcaption class=\"blocks-gallery-item__caption\">Ni los perros los quieren a esta gilada<\/figcaption><\/figure><\/li><li class=\"blocks-gallery-item\"><figure><img loading=\"lazy\" decoding=\"async\" width=\"1024\" height=\"683\" src=\"https:\/\/locomociontv.org\/wp-content\/uploads\/2020\/10\/bernitopadora-1024x683.jpg\" alt=\"\" data-id=\"19303\" data-full-url=\"https:\/\/locomociontv.org\/wp-content\/uploads\/2020\/10\/bernitopadora.jpg\" data-link=\"https:\/\/locomociontv.org\/?attachment_id=19303\" class=\"wp-image-19303\" srcset=\"https:\/\/locomociontv.org\/wp-content\/uploads\/2020\/10\/bernitopadora-1024x683.jpg 1024w, https:\/\/locomociontv.org\/wp-content\/uploads\/2020\/10\/bernitopadora-300x200.jpg 300w, https:\/\/locomociontv.org\/wp-content\/uploads\/2020\/10\/bernitopadora-768x512.jpg 768w, https:\/\/locomociontv.org\/wp-content\/uploads\/2020\/10\/bernitopadora.jpg 1200w\" sizes=\"auto, (max-width: 1024px) 100vw, 1024px\" \/><figcaption class=\"blocks-gallery-item__caption\">Berni al frente de la represi\u00f3n en Guernica<\/figcaption><\/figure><\/li><\/ul><\/figure>\n<p>Visits: 0<\/p><\/div><div class=csc_break><\/div><\/div><div class=csc_post csc_full><div class=csc_post_thumbnail><img loading=\"lazy\" decoding=\"async\" width=\"113\" height=\"150\" src=\"https:\/\/locomociontv.org\/wp-content\/uploads\/2020\/09\/20200916_171554-scaled.jpg\" class=\"attachment-thumbnail size-thumbnail wp-post-image\" alt=\"\" srcset=\"https:\/\/locomociontv.org\/wp-content\/uploads\/2020\/09\/20200916_171554-scaled.jpg 1920w, https:\/\/locomociontv.org\/wp-content\/uploads\/2020\/09\/20200916_171554-225x300.jpg 225w\" sizes=\"auto, (max-width: 113px) 100vw, 113px\" \/><\/div><div class=csc_post_title><a href=\"https:\/\/locomociontv.org\/?p=19171\">Reflexiones a cielo abierto II: hay cosas que se respetan&#8230;<\/a><\/div><div class=csc_post_date>16\/09\/2020<\/div><div class=csc_post_author>LocomocionTV<\/div><div class=csc_post_category>Im\u00e1genes del ancho mundo<\/div><div class=csc_post_category>Reflexiones a cielo abierto<\/div><div class=csc_post_content>\n<figure class=\"wp-block-image size-large\"><img loading=\"lazy\" decoding=\"async\" width=\"1920\" height=\"2560\" src=\"https:\/\/locomociontv.org\/wp-content\/uploads\/2020\/09\/20200916_171554-scaled.jpg\" alt=\"\" class=\"wp-image-19160\" srcset=\"https:\/\/locomociontv.org\/wp-content\/uploads\/2020\/09\/20200916_171554-scaled.jpg 1920w, https:\/\/locomociontv.org\/wp-content\/uploads\/2020\/09\/20200916_171554-225x300.jpg 225w\" sizes=\"auto, (max-width: 1920px) 100vw, 1920px\" \/><\/figure>\n\n\n\n<p>En Juan B. Justo y Terrada como en muchas partes de la ciudad est\u00e1 este cartel del recital que finalmente no se pudo hacer el 17 de marzo (se espera que igual se haga) pero el poster sigue all\u00ed&#8230; <\/p>\n\n\n\n<p>Nadie hizo como otras veces de llev\u00e1rselo a su casa o mutilarlo, a pesar de estar al alcance de la mano hacerlo&#8230;<\/p>\n\n\n\n<p>\u00bfA quien no le gustar\u00eda tenerlo en su casa? A todo el mundo le encantar\u00eda y tendr\u00eda un valor hist\u00f3rico important\u00edsimo&#8230;<\/p>\n\n\n\n<p>En nuestro caso dejamos el registro de que no todo en la Aut\u00f3noma esta permitido y que hay cosas que se respetan&#8230;<\/p>\n<p>Visits: 1<\/p><\/div><div class=csc_break><\/div><\/div><div class=csc_post csc_full><div class=csc_post_thumbnail><\/div><div class=csc_post_title><a href=\"https:\/\/locomociontv.org\/?p=19168\">Las paredes dicen III: y a veces puede ser cualquier verdura&#8230;<\/a><\/div><div class=csc_post_date><\/div><div class=csc_post_author>LocomocionTV<\/div><div class=csc_post_category>Im\u00e1genes del ancho mundo<\/div><div class=csc_post_category>Las paredes dicen...<\/div><div class=csc_post_category>Memes<\/div><div class=csc_post_content>\n<figure class=\"wp-block-image size-large\"><img loading=\"lazy\" decoding=\"async\" width=\"2560\" height=\"1920\" src=\"https:\/\/locomociontv.org\/wp-content\/uploads\/2020\/09\/20200916_174220-1-scaled.jpg\" alt=\"\" class=\"wp-image-19162\" srcset=\"https:\/\/locomociontv.org\/wp-content\/uploads\/2020\/09\/20200916_174220-1-scaled.jpg 2560w, https:\/\/locomociontv.org\/wp-content\/uploads\/2020\/09\/20200916_174220-1-300x225.jpg 300w\" sizes=\"auto, (max-width: 2560px) 100vw, 2560px\" \/><\/figure>\n\n\n\n<p>Las paredes no siempre dicen cosas serias, pero que un magnate argentino le diga a Ch\u00e1vez como es una revoluci\u00f3n nos genera sensaciones raras: risa por lo rid\u00edculo, ganas de llorar de pensar que alguien se pueda creer esta paparruchada y nauseas por lo asqueroso que es en si mismo plantear esa escena&#8230;<\/p>\n<p>Visits: 0<\/p><\/div><div class=csc_break><\/div><\/div><div class=csc_post csc_full><div class=csc_post_thumbnail><img loading=\"lazy\" decoding=\"async\" width=\"113\" height=\"150\" src=\"https:\/\/locomociontv.org\/wp-content\/uploads\/2020\/09\/20200916_165906-1-scaled.jpg\" class=\"attachment-thumbnail size-thumbnail wp-post-image\" alt=\"\" srcset=\"https:\/\/locomociontv.org\/wp-content\/uploads\/2020\/09\/20200916_165906-1-scaled.jpg 1920w, https:\/\/locomociontv.org\/wp-content\/uploads\/2020\/09\/20200916_165906-1-225x300.jpg 225w\" sizes=\"auto, (max-width: 113px) 100vw, 113px\" \/><\/div><div class=csc_post_title><a href=\"https:\/\/locomociontv.org\/?p=19163\">La paredes dicen II: Libertad a Arakaki Forever&#8230;<\/a><\/div><div class=csc_post_date><\/div><div class=csc_post_author>LocomocionTV<\/div><div class=csc_post_category>Im\u00e1genes del ancho mundo<\/div><div class=csc_post_category>Las paredes dicen...<\/div><div class=csc_post_content>\n<figure class=\"wp-block-image size-large\"><img loading=\"lazy\" decoding=\"async\" width=\"1920\" height=\"2560\" src=\"https:\/\/locomociontv.org\/wp-content\/uploads\/2020\/09\/20200916_165906-1-scaled.jpg\" alt=\"\" class=\"wp-image-19164\" srcset=\"https:\/\/locomociontv.org\/wp-content\/uploads\/2020\/09\/20200916_165906-1-scaled.jpg 1920w, https:\/\/locomociontv.org\/wp-content\/uploads\/2020\/09\/20200916_165906-1-225x300.jpg 225w\" sizes=\"auto, (max-width: 1920px) 100vw, 1920px\" \/><\/figure>\n\n\n\n<p>Esta es una garita de seguridad de una empresa en el barrio de Paternal, no se han atrevido a tapar el mensaje. Se ve que que La Paternal es como La Boca que tiene dientes socialistas&#8230;<\/p>\n\n\n\n<p>\u00a1\u00a1\u00a1BASTA DE PERSECUSI\u00d3N A <strong><em><a href=\"https:\/\/www.facebook.com\/cesarjavier.arakaki\" target=\"_blank\" rel=\"noreferrer noopener\">C\u00c9SAR JAVIER ARAKAKI<\/a><\/em><\/strong> Y DEM\u00c1S PERSEGUIDOS POR EL ESTADO SOLO POR LUCHAR!!!<\/p>\n<p>Visits: 0<\/p><\/div><div class=csc_break><\/div><\/div><div class=csc_post csc_full><div class=csc_post_thumbnail><img loading=\"lazy\" decoding=\"async\" width=\"150\" height=\"150\" src=\"https:\/\/locomociontv.org\/wp-content\/uploads\/2020\/08\/cartelfacundodoblemoral-150x150.jpg\" class=\"attachment-thumbnail size-thumbnail wp-post-image\" alt=\"\" \/><\/div><div class=csc_post_title><a href=\"https:\/\/locomociontv.org\/?p=19009\">Reflexiones a cielo abierto I<\/a><\/div><div class=csc_post_date>26\/08\/2020<\/div><div class=csc_post_author>LocomocionTV<\/div><div class=csc_post_category>Im\u00e1genes del ancho mundo<\/div><div class=csc_post_category>Reflexiones a cielo abierto<\/div><div class=csc_post_content>\n<p>Este <strong><em><a rel=\"noreferrer noopener\" href=\"https:\/\/www.facebook.com\/groups\/filoyletras\/permalink\/2252625074862845\/\" target=\"_blank\">posteo<\/a><\/em><\/strong> de <a href=\"https:\/\/www.facebook.com\/groups\/filoyletras\/?ref=group_header\">Filosof\u00eda y Letras UBA [Grupo Abierto]<\/a> nos pone a pensar sobre la \u00e9tica y los principios de algunes y de c\u00f3mo los Derechos Humanos no les conciernen en algunos casos&#8230;<\/p>\n\n\n\n<figure class=\"wp-block-image size-large\"><img loading=\"lazy\" decoding=\"async\" width=\"552\" height=\"942\" src=\"https:\/\/locomociontv.org\/wp-content\/uploads\/2020\/08\/image-2.png\" alt=\"\" class=\"wp-image-19014\" srcset=\"https:\/\/locomociontv.org\/wp-content\/uploads\/2020\/08\/image-2.png 552w, https:\/\/locomociontv.org\/wp-content\/uploads\/2020\/08\/image-2-176x300.png 176w\" sizes=\"auto, (max-width: 552px) 100vw, 552px\" \/><figcaption><a href=\"https:\/\/www.facebook.com\/groups\/filoyletras\/permalink\/2252625074862845\/\" target=\"_blank\" rel=\"noreferrer noopener\">Posteo original en Facebook<\/a><\/figcaption><\/figure>\n\n\n\n<p><\/p>\n<p>Visits: 0<\/p><\/div><div class=csc_break><\/div><\/div><div class=csc_post csc_full><div class=csc_post_thumbnail><img loading=\"lazy\" decoding=\"async\" width=\"150\" height=\"150\" src=\"https:\/\/locomociontv.org\/wp-content\/uploads\/2020\/08\/paredesfacundo-e1598492639834-150x150.jpg\" class=\"attachment-thumbnail size-thumbnail wp-post-image\" alt=\"\" \/><\/div><div class=csc_post_title><a href=\"https:\/\/locomociontv.org\/?p=19002\">Las paredes dicen I<\/a><\/div><div class=csc_post_date><\/div><div class=csc_post_author>LocomocionTV<\/div><div class=csc_post_category>Im\u00e1genes del ancho mundo<\/div><div class=csc_post_category>Las paredes dicen...<\/div><div class=csc_post_content>\n<p><strong><em><a rel=\"noreferrer noopener\" href=\"https:\/\/www.facebook.com\/luciano.perettoithurralde\" target=\"_blank\">Luciano Peretto<\/a><\/em><\/strong>, abogado de la familia de Facundo Castro, reflej\u00f3 lo que la calle en Buenos Aires grita, junto con <strong><em><a href=\"https:\/\/www.facebook.com\/profile.php?id=100013925773771\" target=\"_blank\" rel=\"noreferrer noopener\">Cristina Castro<\/a><\/em><\/strong>.<\/p>\n\n\n\n<p>Decidimos, entonces crear un nuevo espacio en este blog al que daremos en llamar &#8220;Im\u00e1genes del ancho mundo&#8221;.<\/p>\n\n\n\n<figure class=\"wp-block-embed-facebook wp-block-embed is-type-rich is-provider-facebook\"><div class=\"wp-block-embed__wrapper\">\n<div id=\"fb-root\"><\/div><script async=\"1\" defer=\"1\" crossorigin=\"anonymous\" src=\"https:\/\/connect.facebook.net\/en_US\/sdk.js#xfbml=1&amp;version=v8.0\" nonce=\"kKWDnb4Q\"><\/script><div class=\"fb-post\" data-href=\"https:\/\/www.facebook.com\/photo.php?fbid=10223448334377629&amp;set=a.4379801214290&amp;type=3&amp;theater\" data-width=\"580\"><blockquote cite=\"https:\/\/www.facebook.com\/photo.php?fbid=10223448334377629&amp;set=a.4379801214290&amp;type=3\" class=\"fb-xfbml-parse-ignore\"><p>Buenos Aires habla&#8230; Cristina lo grita!Hasta la Verdad!!<\/p>Posted by <a href=\"https:\/\/www.facebook.com\/luciano.perettoithurralde\">Luciano Ra\u00fal Peretto Ithurralde<\/a> on&nbsp;<a href=\"https:\/\/www.facebook.com\/photo.php?fbid=10223448334377629&amp;set=a.4379801214290&amp;type=3\">Wednesday, August 26, 2020<\/a><\/blockquote><\/div>\n<\/div><\/figure>\n<p>Visits: 1<\/p><\/div><div class=csc_break><\/div><\/div><\/p>\n<p>Visits: 18<\/p>","protected":false},"excerpt":{"rendered":"<p>En esta p\u00e1gina incluiremos im\u00e1genes, momentos, fotos y cosas que nos muestren necesidades que se reflejan en las calles\u2026 Visits: 1<\/p>\n","protected":false},"author":1,"featured_media":19028,"parent":0,"menu_order":0,"comment_status":"open","ping_status":"closed","template":"","meta":{"footnotes":""},"class_list":["post-19021","page","type-page","status-publish","has-post-thumbnail","hentry","post-dark","post-wide","has-post-thumb","small-thumb"],"_links":{"self":[{"href":"https:\/\/locomociontv.org\/index.php?rest_route=\/wp\/v2\/pages\/19021","targetHints":{"allow":["GET"]}}],"collection":[{"href":"https:\/\/locomociontv.org\/index.php?rest_route=\/wp\/v2\/pages"}],"about":[{"href":"https:\/\/locomociontv.org\/index.php?rest_route=\/wp\/v2\/types\/page"}],"author":[{"embeddable":true,"href":"https:\/\/locomociontv.org\/index.php?rest_route=\/wp\/v2\/users\/1"}],"replies":[{"embeddable":true,"href":"https:\/\/locomociontv.org\/index.php?rest_route=%2Fwp%2Fv2%2Fcomments&post=19021"}],"version-history":[{"count":4,"href":"https:\/\/locomociontv.org\/index.php?rest_route=\/wp\/v2\/pages\/19021\/revisions"}],"predecessor-version":[{"id":19029,"href":"https:\/\/locomociontv.org\/index.php?rest_route=\/wp\/v2\/pages\/19021\/revisions\/19029"}],"wp:featuredmedia":[{"embeddable":true,"href":"https:\/\/locomociontv.org\/index.php?rest_route=\/wp\/v2\/media\/19028"}],"wp:attachment":[{"href":"https:\/\/locomociontv.org\/index.php?rest_route=%2Fwp%2Fv2%2Fmedia&parent=19021"}],"curies":[{"name":"wp","href":"https:\/\/api.w.org\/{rel}","templated":true}]}}