{"id":18256,"date":"2021-09-24T20:46:06","date_gmt":"2021-09-24T23:46:06","guid":{"rendered":"http:\/\/locomociontv.org\/?page_id=18256"},"modified":"2021-09-24T20:46:07","modified_gmt":"2021-09-24T23:46:07","slug":"la-izquierda-diario","status":"publish","type":"page","link":"https:\/\/locomociontv.org\/?page_id=18256","title":{"rendered":"La Izquierda Diario"},"content":{"rendered":"\n\n\n\n<ul class=\"has-dates has-excerpts wp-block-rss\"><li class='wp-block-rss__item'><div class='wp-block-rss__item-title'><a href='https:\/\/www.laizquierdadiario.com\/Milton-Tolomeo-el-preso-politico-al-que-el-Gobierno-usa-para-su-experimento-represivo'>Milton Tolomeo, el preso pol\u00edtico al que el Gobierno usa para su experimento represivo<\/a><\/div><time datetime=\"2026-04-19T00:13:29-03:00\" class=\"wp-block-rss__item-publish-date\">19\/04\/2026<\/time> <div class=\"wp-block-rss__item-excerpt\">\u00bfPor qu\u00e9 un hombre detenido por protestar contra la reforma laboral termin\u00f3 alojado en el centro de tortura montado por Patricia Bullrich en Ezeiza? El mismo gobierno que admira al genocida Netanyahu llama \u201cterrorista\u201d a un laburante que sali\u00f3 a repudiar el ajuste. Los detalles de una causa escandalosa y la denuncia de Eva, su [&hellip;]<\/div><\/li><li class='wp-block-rss__item'><div class='wp-block-rss__item-title'><a href='https:\/\/www.laizquierdadiario.com\/Revision-del-FMI-alquimia-financiera-y-desorden-inflacionario'>Revisi\u00f3n del FMI, alquimia financiera y desorden inflacionario<\/a><\/div><time datetime=\"2026-04-18T19:11:46-03:00\" class=\"wp-block-rss__item-publish-date\">18\/04\/2026<\/time> <div class=\"wp-block-rss__item-excerpt\">El Fondo habla de avances \u201cimpresionantes\u201d, pero apret\u00f3 al gobierno con la misma receta de siempre. Columna de econom\u00eda de El C\u00edrculo Rojo, un programa de La Izquierda Diario en Radio Con Vos.D\u00f3lar \/ FMI \/ Inflaci\u00f3n \/ Luis Caputo \/ Javier Milei \/ El C\u00edrculo Rojo \/ Econom\u00eda \/ Econom\u00eda Nacional<\/div><\/li><li class='wp-block-rss__item'><div class='wp-block-rss__item-title'><a href='https:\/\/www.laizquierdadiario.com\/Sentenciados-antes-de-crecer-Bukele-y-la-perpetua-a-los-12-anos'>Sentenciados antes de crecer: Bukele y la perpetua a los 12 a\u00f1os<\/a><\/div><time datetime=\"2026-04-16T10:34:41-03:00\" class=\"wp-block-rss__item-publish-date\">16\/04\/2026<\/time> <div class=\"wp-block-rss__item-excerpt\">Un ni\u00f1o que cambia el aula por un pabell\u00f3n de m\u00e1xima seguridad para no salir de all\u00ed hasta casi cumplidos los 40. La reciente reforma penal en El Salvador que supuestamente &quot;busca&quot; combatir el crimen; institucionaliza una aritm\u00e9tica del castigo que anula la biograf\u00eda de los m\u00e1s j\u00f3venes y transforma el fin de la infancia [&hellip;]<\/div><\/li><li class='wp-block-rss__item'><div class='wp-block-rss__item-title'><a href='https:\/\/www.laizquierdadiario.com\/Para-que-nos-invitan-Episodio-1-El-marxismo-occidental-segun-Perry-Anderson'>[Para qu\u00e9 nos invitan] Episodio 1 &#8211; El marxismo occidental seg\u00fan Perry Anderson<\/a><\/div><time datetime=\"2026-04-10T18:02:02-03:00\" class=\"wp-block-rss__item-publish-date\">10\/04\/2026<\/time> <div class=\"wp-block-rss__item-excerpt\">Filosof\u00eda y marxismo de a 1 libro a la vez. Un videopodcast de LID+ con Ariane D\u00edaz y Juan Dal Maso.Marxismo \/ Filosof\u00eda \/ Teor\u00eda marxista \/ Perry Anderson \/ Ideas &amp; Debates \/ Cultura<\/div><\/li><li class='wp-block-rss__item'><div class='wp-block-rss__item-title'><a href='https:\/\/www.laizquierdadiario.com\/Por-una-fuerza-politica-de-la-clase-trabajadora-que-construya-una-alternativa-de-poder-1o-de-Mayo'>Por una fuerza pol\u00edtica de la clase trabajadora que construya una alternativa de poder: 1\u00b0 de Mayo en Ferro, con Myriam Bregman y el PTS<\/a><\/div><time datetime=\"2026-04-08T22:52:11-03:00\" class=\"wp-block-rss__item-publish-date\">08\/04\/2026<\/time> <div class=\"wp-block-rss__item-excerpt\">Viernes 1\u00b0 de Mayo a las 16 hs, en el Estadio cubierto de Ferro, en Avellaneda 1240, CABA. Hablar\u00e1n compa\u00f1eros y compa\u00f1eras de las principales peleas en curso: Fate, universidad, docentes, trabajadoras de la salud. Vendr\u00e1n oradores de Francia y Brasil. Cerrar\u00e1 el acto Myriam Bregman. Luego, organizaremos actos similares en el interior del pa\u00eds.Myriam [&hellip;]<\/div><\/li><\/ul><p>Visits: 0<\/p>","protected":false},"excerpt":{"rendered":"<p>Visits: 0<\/p>\n","protected":false},"author":1,"featured_media":20944,"parent":318,"menu_order":0,"comment_status":"closed","ping_status":"closed","template":"","meta":{"footnotes":""},"class_list":["post-18256","page","type-page","status-publish","has-post-thumbnail","hentry","post-bright","has-post-thumb","small-thumb"],"_links":{"self":[{"href":"https:\/\/locomociontv.org\/index.php?rest_route=\/wp\/v2\/pages\/18256","targetHints":{"allow":["GET"]}}],"collection":[{"href":"https:\/\/locomociontv.org\/index.php?rest_route=\/wp\/v2\/pages"}],"about":[{"href":"https:\/\/locomociontv.org\/index.php?rest_route=\/wp\/v2\/types\/page"}],"author":[{"embeddable":true,"href":"https:\/\/locomociontv.org\/index.php?rest_route=\/wp\/v2\/users\/1"}],"replies":[{"embeddable":true,"href":"https:\/\/locomociontv.org\/index.php?rest_route=%2Fwp%2Fv2%2Fcomments&post=18256"}],"version-history":[{"count":7,"href":"https:\/\/locomociontv.org\/index.php?rest_route=\/wp\/v2\/pages\/18256\/revisions"}],"predecessor-version":[{"id":20943,"href":"https:\/\/locomociontv.org\/index.php?rest_route=\/wp\/v2\/pages\/18256\/revisions\/20943"}],"up":[{"embeddable":true,"href":"https:\/\/locomociontv.org\/index.php?rest_route=\/wp\/v2\/pages\/318"}],"wp:featuredmedia":[{"embeddable":true,"href":"https:\/\/locomociontv.org\/index.php?rest_route=\/wp\/v2\/media\/20944"}],"wp:attachment":[{"href":"https:\/\/locomociontv.org\/index.php?rest_route=%2Fwp%2Fv2%2Fmedia&parent=18256"}],"curies":[{"name":"wp","href":"https:\/\/api.w.org\/{rel}","templated":true}]}}