{"id":18240,"date":"2020-05-29T00:31:34","date_gmt":"2020-05-29T03:31:34","guid":{"rendered":"http:\/\/locomociontv.org\/?page_id=18240"},"modified":"2020-09-06T23:43:29","modified_gmt":"2020-09-07T02:43:29","slug":"adn-sur","status":"publish","type":"page","link":"https:\/\/locomociontv.org\/?page_id=18240","title":{"rendered":"ADN SUR"},"content":{"rendered":"<ul class=\"has-dates has-excerpts wp-block-rss\"><li class='wp-block-rss__item'><div class='wp-block-rss__item-title'><a href='https:\/\/www.adnsur.com.ar\/sociedad\/fuerte-denuncia-del-dr--romero---la-venta-de-carne-de-burro-en-trelew-es-un-delito-contra-la-salud-_a69e57ee92cc43aba0cdab617'>Fuerte denuncia del Dr. Romero: \u201cLa venta de carne de burro en Trelew es un delito contra la salud\u201d<\/a><\/div><time datetime=\"2026-04-19T22:38:50-03:00\" class=\"wp-block-rss__item-publish-date\">19\/04\/2026<\/time> <div class=\"wp-block-rss__item-excerpt\">El reconocido veterinario arremeti\u00f3 contra la reciente iniciativa de comercializar carne de burro, asegurando que la actividad viola normativas vigentes y pone en riesgo a la poblaci\u00f3n.<\/div><\/li><li class='wp-block-rss__item'><div class='wp-block-rss__item-title'><a href='https:\/\/www.adnsur.com.ar\/politica\/transporte-en-comodoro--macharahsvili-firma-este-lunes-la-adjudicacion-al-grupo-mr_a69e3c0873b7a0b9f97689265'>Transporte en Comodoro: Macharahsvili firma este lunes la adjudicaci\u00f3n al Grupo MR<\/a><\/div><time datetime=\"2026-04-19T22:30:00-03:00\" class=\"wp-block-rss__item-publish-date\">19\/04\/2026<\/time> <div class=\"wp-block-rss__item-excerpt\">Luego del dictamen de Asesor\u00eda Letrada, el intendente tiene a la firma la resoluci\u00f3n que establece la impugnaci\u00f3n por parte de Patagonia Argentina y la ratificaci\u00f3n de lo resuelto en la resoluci\u00f3n 417, del 25 de marzo pasado.<\/div><\/li><li class='wp-block-rss__item'><div class='wp-block-rss__item-title'><a href='https:\/\/www.adnsur.com.ar\/deportes\/dario-herrera-revelo-por-que-no-cobro-penal-para-river-ni-fue-al-var-en-la-ultima-jugada-del-superclasico_a69e57c1b2cc43aba0cda8346'>Dar\u00edo Herrera revel\u00f3 por qu\u00e9 no cobr\u00f3 penal para River ni fue al VAR en la \u00faltima jugada del supercl\u00e1sico<\/a><\/div><time datetime=\"2026-04-19T22:08:38-03:00\" class=\"wp-block-rss__item-publish-date\">19\/04\/2026<\/time> <div class=\"wp-block-rss__item-excerpt\">Boca venci\u00f3 1-0 a River Plate con gol de penal de Leandro Paredes, pero el cierre qued\u00f3 marcado por un reclamo millonario por una jugada no sancionada por el \u00e1rbitro neuquino.<\/div><\/li><li class='wp-block-rss__item'><div class='wp-block-rss__item-title'><a href='https:\/\/www.adnsur.com.ar\/deportes\/estallaron-los-memes-tras-el-triunfo-de-boca-ante-river-en-el-superclasico---el-arenazo-_a69e566992cc43aba0cd8d338'>Estallaron los memes tras el triunfo de Boca ante River en el supercl\u00e1sico: \u201cEl arenazo\u201d<\/a><\/div><time datetime=\"2026-04-19T20:37:49-03:00\" class=\"wp-block-rss__item-publish-date\">19\/04\/2026<\/time> <div class=\"wp-block-rss__item-excerpt\">El triunfo de Boca Juniors por 1-0 ante River Plate en el Estadio Monumental traslad\u00f3 el partido a las redes, donde los hinchas xeneizes coparon la escena con cargadas e iron\u00edas.<\/div><\/li><li class='wp-block-rss__item'><div class='wp-block-rss__item-title'><a href='https:\/\/www.adnsur.com.ar\/deportes\/el-terrible-gesto-de-adam-bareiro-a-los-hinchas-de-river-tras-el-gol-de-paredes-que-se-viralizo_a69e562452cc43aba0cd8564e'>El terrible gesto de Adam Bareiro a los hinchas de River tras el gol de Paredes que se viraliz\u00f3<\/a><\/div><time datetime=\"2026-04-19T20:18:25-03:00\" class=\"wp-block-rss__item-publish-date\">19\/04\/2026<\/time> <div class=\"wp-block-rss__item-excerpt\">El futbolista paraguayo con pasado en el Millonario sorprendi\u00f3 a todos con un llamativo festejo que recorri\u00f3 r\u00e1pidamente las redes sociales.<\/div><\/li><li class='wp-block-rss__item'><div class='wp-block-rss__item-title'><a href='https:\/\/www.adnsur.com.ar\/deportes\/la-fulminante-frase-de-martinez-quarta-a-herrera-tras-reclamar-un-penal-para-river---me-extrana-de-vos-_a69e560d32cc43aba0cd82b9c'>La fulminante frase de Mart\u00ednez Quarta a Herrera tras reclamar un penal para River: \u201cMe extra\u00f1a de vos\u201d<\/a><\/div><time datetime=\"2026-04-19T20:11:48-03:00\" class=\"wp-block-rss__item-publish-date\">19\/04\/2026<\/time> <div class=\"wp-block-rss__item-excerpt\">El capit\u00e1n de River Plate encabez\u00f3 los reclamos contra el \u00e1rbitro neuquino por el supuesto empuj\u00f3n en el cierre, que el juez decidi\u00f3 no sancionar.<\/div><\/li><li class='wp-block-rss__item'><div class='wp-block-rss__item-title'><a href='https:\/\/www.adnsur.com.ar\/sociedad\/trelew--tras-la-demolicion-de-la-calera--construiran-una-subcomisaria-y-espacios-comunitarios_a69e55a182cc43aba0cd7758e'>Trelew: tras la demolici\u00f3n de la calera, construir\u00e1n una subcomisar\u00eda y espacios comunitarios<\/a><\/div><time datetime=\"2026-04-19T19:45:32-03:00\" class=\"wp-block-rss__item-publish-date\">19\/04\/2026<\/time> <div class=\"wp-block-rss__item-excerpt\">El gobernador se reuni\u00f3 con vecinos de la zona en el inicio de las tareas previas a la demolici\u00f3n y destac\u00f3 que la decisi\u00f3n de intervenir el lugar \u201cviene acompa\u00f1ada de una segunda etapa con obras concretas para la comunidad\u201d<\/div><\/li><li class='wp-block-rss__item'><div class='wp-block-rss__item-title'><a href='https:\/\/www.adnsur.com.ar\/policiales---judiciales\/aparecio-sano-y-salvo-el-adolescente-que-era-buscado-en-trelew_a69e4d4c42cc43aba0cc783e3'>Apareci\u00f3 sano y salvo el adolescente que era buscado en Trelew<\/a><\/div><time datetime=\"2026-04-19T19:30:00-03:00\" class=\"wp-block-rss__item-publish-date\">19\/04\/2026<\/time> <div class=\"wp-block-rss__item-excerpt\">La polic\u00eda inform\u00f3 a la comunidad que el menor fue hallado este domingo por la tarde\/noche<\/div><\/li><li class='wp-block-rss__item'><div class='wp-block-rss__item-title'><a href='https:\/\/www.adnsur.com.ar\/sociedad\/-se-puede-comer-al--mejor-amigo----la-foto-de-vicente-evans-y-la-polemica-por-la-carne-de-burro_a69e541192cc43aba0cd53502'>\u00bfSe puede comer al \u201cmejor amigo\u201d?: la foto de Vicente Evans y la pol\u00e9mica por la carne de burro<\/a><\/div><time datetime=\"2026-04-19T18:12:33-03:00\" class=\"wp-block-rss__item-publish-date\">19\/04\/2026<\/time> <div class=\"wp-block-rss__item-excerpt\">La reciente aparici\u00f3n de la carne de burro en Trelew desat\u00f3 un debate que trasciende lo gastron\u00f3mico. Mientras el sector productivo y el municipio la presentan como una \u201cinnovaci\u00f3n\u201d, parte de la sociedad y organizaciones proteccionistas denuncian un \u201cretroceso \u00e9tico\u201d que rompe el v\u00ednculo hist\u00f3rico de afecto con este animal.<\/div><\/li><li class='wp-block-rss__item'><div class='wp-block-rss__item-title'><a href='https:\/\/www.adnsur.com.ar\/deportes\/rally-sudamericano-en-cordoba--murio-un-espectador-y-suspendieron-la-competencia_a69e53b8d2cc43aba0cd4ad0e'>Rally Sudamericano en C\u00f3rdoba: muri\u00f3 un espectador y suspendieron la competencia<\/a><\/div><time datetime=\"2026-04-19T17:35:50-03:00\" class=\"wp-block-rss__item-publish-date\">19\/04\/2026<\/time> <div class=\"wp-block-rss__item-excerpt\">Un auto de competici\u00f3n se despist\u00f3 en una curva, dio varios tumbos y termin\u00f3 fuera del camino, impactando en una zona donde se encontraba el p\u00fablico. [IM\u00c1GENES SENSIBLES]<\/div><\/li><\/ul><p>Visits: 0<\/p>","protected":false},"excerpt":{"rendered":"<p>Visits: 0<\/p>\n","protected":false},"author":1,"featured_media":18242,"parent":318,"menu_order":0,"comment_status":"closed","ping_status":"closed","template":"","meta":{"footnotes":""},"class_list":["post-18240","page","type-page","status-publish","has-post-thumbnail","hentry","post-bright","has-post-thumb","small-thumb"],"_links":{"self":[{"href":"https:\/\/locomociontv.org\/index.php?rest_route=\/wp\/v2\/pages\/18240","targetHints":{"allow":["GET"]}}],"collection":[{"href":"https:\/\/locomociontv.org\/index.php?rest_route=\/wp\/v2\/pages"}],"about":[{"href":"https:\/\/locomociontv.org\/index.php?rest_route=\/wp\/v2\/types\/page"}],"author":[{"embeddable":true,"href":"https:\/\/locomociontv.org\/index.php?rest_route=\/wp\/v2\/users\/1"}],"replies":[{"embeddable":true,"href":"https:\/\/locomociontv.org\/index.php?rest_route=%2Fwp%2Fv2%2Fcomments&post=18240"}],"version-history":[{"count":7,"href":"https:\/\/locomociontv.org\/index.php?rest_route=\/wp\/v2\/pages\/18240\/revisions"}],"predecessor-version":[{"id":19102,"href":"https:\/\/locomociontv.org\/index.php?rest_route=\/wp\/v2\/pages\/18240\/revisions\/19102"}],"up":[{"embeddable":true,"href":"https:\/\/locomociontv.org\/index.php?rest_route=\/wp\/v2\/pages\/318"}],"wp:featuredmedia":[{"embeddable":true,"href":"https:\/\/locomociontv.org\/index.php?rest_route=\/wp\/v2\/media\/18242"}],"wp:attachment":[{"href":"https:\/\/locomociontv.org\/index.php?rest_route=%2Fwp%2Fv2%2Fmedia&parent=18240"}],"curies":[{"name":"wp","href":"https:\/\/api.w.org\/{rel}","templated":true}]}}