{"id":18105,"date":"2020-05-09T15:24:57","date_gmt":"2020-05-09T18:24:57","guid":{"rendered":"http:\/\/locomociontv.org\/?page_id=18105"},"modified":"2020-05-09T15:56:11","modified_gmt":"2020-05-09T18:56:11","slug":"studio-xx","status":"publish","type":"page","link":"https:\/\/locomociontv.org\/?page_id=18105","title":{"rendered":"Studio XX"},"content":{"rendered":"\n<div class=\"cameronjonesweb_facebook_page_plugin\" data-version=\"1.9.1\" data-implementation=\"shortcode\" id=\"ABrcD5pgpIcbbbW\" data-method=\"sdk\"><div id=\"fb-root\"><\/div><script async defer crossorigin=\"anonymous\" src=\"https:\/\/connect.facebook.net\/es_LA\/sdk.js#xfbml=1&version=v17.0\"><\/script><div class=\"fb-page\" data-href=\"https:\/\/facebook.com\/Studio-XX-113758160329148\/\"  data-width=\"600\" data-max-width=\"600\" data-height=\"600\" data-hide-cover=\"false\" data-show-facepile=\"true\" data-tabs=\"timeline,events,messages\" data-hide-cta=\"true\" data-small-header=\"false\" data-adapt-container-width=\"true\"><div class=\"fb-xfbml-parse-ignore\"><blockquote cite=\"https:\/\/www.facebook.com\/Studio-XX-113758160329148\/\"><a href=\"https:\/\/www.facebook.com\/Studio-XX-113758160329148\/\">Vamos all\u00ed<\/a><\/blockquote><\/div><\/div><\/div>\n\n\n\n<div class=csc_post csc_full><div class=csc_post_thumbnail><img loading=\"lazy\" decoding=\"async\" width=\"150\" height=\"150\" src=\"https:\/\/locomociontv.org\/wp-content\/uploads\/2022\/04\/SXX0202-150x150.jpg\" class=\"attachment-thumbnail size-thumbnail wp-post-image\" alt=\"\" \/><\/div><div class=csc_post_title><a href=\"https:\/\/locomociontv.org\/?p=21957\">Studio XX #02 &#8211; Bloque #02<\/a><\/div><div class=csc_post_date>30\/04\/2022<\/div><div class=csc_post_author>Hern\u00e1n Lo Iacono<\/div><div class=csc_post_category>Programas<\/div><div class=csc_post_category>Studio XX<\/div><div class=csc_post_content>\n<p>Y en este viaje por las bandas y las voces femeninas del siglo 20, seguimos con la banda norteamericana Blondie, liderada por Deborah Harry.<\/p>\n\n\n\n<figure class=\"wp-block-embed is-type-video is-provider-youtube wp-block-embed-youtube wp-embed-aspect-16-9 wp-has-aspect-ratio\"><div class=\"wp-block-embed__wrapper\">\n<iframe loading=\"lazy\" title=\"Studio XX #02 - Bloque #02\" width=\"580\" height=\"326\" src=\"https:\/\/www.youtube.com\/embed\/TkcA0irpE2k?feature=oembed\" frameborder=\"0\" allow=\"accelerometer; autoplay; clipboard-write; encrypted-media; gyroscope; picture-in-picture\" allowfullscreen><\/iframe>\n<\/div><\/figure>\n<p>Visits: 0<\/p><\/div><div class=csc_break><\/div><\/div><div class=csc_post csc_full><div class=csc_post_thumbnail><img loading=\"lazy\" decoding=\"async\" width=\"150\" height=\"150\" src=\"https:\/\/locomociontv.org\/wp-content\/uploads\/2022\/04\/SXX0201-150x150.jpg\" class=\"attachment-thumbnail size-thumbnail wp-post-image\" alt=\"\" \/><\/div><div class=csc_post_title><a href=\"https:\/\/locomociontv.org\/?p=21944\">Studio XX #02 &#8211; Bloque #01<\/a><\/div><div class=csc_post_date>26\/04\/2022<\/div><div class=csc_post_author>Hern\u00e1n Lo Iacono<\/div><div class=csc_post_category>Studio XX<\/div><div class=csc_post_content>\n<p>Arrancamos esta emisi\u00f3n tratando de abarcar las voces femeninas que marcaron y en algunos casos, a\u00fan marcan una \u00e9poca. Para empezar les brindaremos tres temas de la banda brit\u00e1nico-estadounidense The Pretenders. Temas: <\/p>\n\n\n\n<ul class=\"wp-block-list\"><li> Back on the chain gang <\/li><li> Don&#8217;t get me wrong <\/li><li> I\u00b4m not in love <\/li><\/ul>\n\n\n\n<figure class=\"wp-block-embed is-type-video is-provider-youtube wp-block-embed-youtube wp-embed-aspect-16-9 wp-has-aspect-ratio\"><div class=\"wp-block-embed__wrapper\">\n<iframe loading=\"lazy\" title=\"Studio XX #02 - Bloque #01\" width=\"818\" height=\"460\" src=\"https:\/\/www.youtube.com\/embed\/ePx8r_MCxb8?feature=oembed\" frameborder=\"0\" allow=\"accelerometer; autoplay; clipboard-write; encrypted-media; gyroscope; picture-in-picture\" allowfullscreen><\/iframe>\n<\/div><\/figure>\n<p>Visits: 0<\/p><\/div><div class=csc_break><\/div><\/div><div class=csc_post csc_full><div class=csc_post_thumbnail><img loading=\"lazy\" decoding=\"async\" width=\"150\" height=\"150\" src=\"https:\/\/locomociontv.org\/wp-content\/uploads\/2020\/05\/Studio-20-150x150.jpg\" class=\"attachment-thumbnail size-thumbnail wp-post-image\" alt=\"\" \/><\/div><div class=csc_post_title><a href=\"https:\/\/locomociontv.org\/?p=18088\">Studio XX &#8211; Emisi\u00f3n #01<\/a><\/div><div class=csc_post_date>08\/05\/2020<\/div><div class=csc_post_author>LocomocionTV<\/div><div class=csc_post_category>Studio XX<\/div><div class=csc_post_content>\n<figure class=\"wp-block-embed-facebook wp-block-embed is-type-rich is-provider-facebook\"><div class=\"wp-block-embed__wrapper\">\n<div id=\"fb-root\"><\/div><script async=\"1\" defer=\"1\" crossorigin=\"anonymous\" src=\"https:\/\/connect.facebook.net\/en_US\/sdk.js#xfbml=1&amp;version=v7.0\"><\/script><div class=\"fb-post\" data-href=\"https:\/\/www.facebook.com\/pelado.emtv\/posts\/1606233342884379?xts__%5B0%5D=68.ARDycT5eAfpgUbkitAoUuHbMxAPY0JbYCQw84UUIruYJlzr5fwLUr8LZkc4aKusgdzg45AlxaqM_Lc5gLRX_1eCbs7mhVdtfx_2z4DxBPdohPb3g-_-vy5wN1iyQ_oPmD7mopElBxmB2MmnUULyBTlEXbSev4JmveXJP10XJ1s2aAmmcGT43zk093ocQswu5QxbGmF2LXjXcRQ-V8wiOiHxSlByCYs94aKwE-TLMHVVUudENTkHDqnqsANJVMRPH0S0fJx1t-Cc9sNrl0FXsXKFZzgHlmOBjSZXC3KwAyyNsMKtp27zWLnm9lsyMWMlYvqy0sOie9U7i9ukcCOZOri6T6BJTP9AZ7A&amp;__tn=-R\" data-width=\"580\"><blockquote cite=\"https:\/\/www.facebook.com\/pelado.emtv\/posts\/1606233342884379\" class=\"fb-xfbml-parse-ignore\">Posted by <a href=\"https:\/\/www.facebook.com\/pelado.emtv\">Hernan Javier Villanueva<\/a> on&nbsp;<a href=\"https:\/\/www.facebook.com\/pelado.emtv\/posts\/1606233342884379\">Thursday, May 7, 2020<\/a><\/blockquote><\/div>\n<\/div><\/figure>\n<p>Visits: 0<\/p><\/div><div class=csc_break><\/div><\/div>\n<p>Visits: 1<\/p>","protected":false},"excerpt":{"rendered":"<p>Visits: 0<\/p>\n","protected":false},"author":1,"featured_media":18106,"parent":2,"menu_order":0,"comment_status":"closed","ping_status":"closed","template":"","meta":{"footnotes":""},"class_list":["post-18105","page","type-page","status-publish","has-post-thumbnail","hentry","post-bright","has-post-thumb","small-thumb"],"_links":{"self":[{"href":"https:\/\/locomociontv.org\/index.php?rest_route=\/wp\/v2\/pages\/18105","targetHints":{"allow":["GET"]}}],"collection":[{"href":"https:\/\/locomociontv.org\/index.php?rest_route=\/wp\/v2\/pages"}],"about":[{"href":"https:\/\/locomociontv.org\/index.php?rest_route=\/wp\/v2\/types\/page"}],"author":[{"embeddable":true,"href":"https:\/\/locomociontv.org\/index.php?rest_route=\/wp\/v2\/users\/1"}],"replies":[{"embeddable":true,"href":"https:\/\/locomociontv.org\/index.php?rest_route=%2Fwp%2Fv2%2Fcomments&post=18105"}],"version-history":[{"count":5,"href":"https:\/\/locomociontv.org\/index.php?rest_route=\/wp\/v2\/pages\/18105\/revisions"}],"predecessor-version":[{"id":18115,"href":"https:\/\/locomociontv.org\/index.php?rest_route=\/wp\/v2\/pages\/18105\/revisions\/18115"}],"up":[{"embeddable":true,"href":"https:\/\/locomociontv.org\/index.php?rest_route=\/wp\/v2\/pages\/2"}],"wp:featuredmedia":[{"embeddable":true,"href":"https:\/\/locomociontv.org\/index.php?rest_route=\/wp\/v2\/media\/18106"}],"wp:attachment":[{"href":"https:\/\/locomociontv.org\/index.php?rest_route=%2Fwp%2Fv2%2Fmedia&parent=18105"}],"curies":[{"name":"wp","href":"https:\/\/api.w.org\/{rel}","templated":true}]}}