{"id":17881,"date":"2020-04-10T01:26:16","date_gmt":"2020-04-10T04:26:16","guid":{"rendered":"http:\/\/locomociontv.org\/?page_id=17881"},"modified":"2020-12-07T17:05:26","modified_gmt":"2020-12-07T20:05:26","slug":"fenomenoide","status":"publish","type":"page","link":"https:\/\/locomociontv.org\/?page_id=17881","title":{"rendered":"Fenomenoide!"},"content":{"rendered":"\n<ul class=\"wp-block-list\"><li><em><strong>Fenomenoide &#8211; Temporada 01 Capitulo 01 &#8211; El baile del Final<\/strong><\/em><\/li><\/ul>\n\n\n\n<iframe loading=\"lazy\" src=\"https:\/\/www.facebook.com\/plugins\/video.php?height=432&#038;href=https%3A%2F%2Fwww.facebook.com%2Flocomociontv%2Fvideos%2F228638155154201%2F&#038;show_text=true&#038;width=560\" width=\"560\" height=\"547\" style=\"border:none;overflow:hidden\" scrolling=\"no\" frameborder=\"0\" allowfullscreen=\"true\" allow=\"autoplay; clipboard-write; encrypted-media; picture-in-picture; web-share\" allowFullScreen=\"true\"><\/iframe>\n\n\n\n<p><strong>Pron\u00f3stico de cinco d\u00edas<\/strong>&nbsp;: Freakazoid anuncia el clima del d\u00eda, y se emociona cada vez m\u00e1s a medida que menciona un clima cada vez m\u00e1s peligroso.&nbsp;Luego, c\u00f3micamente, se calma.&nbsp;<br><strong>The Dance of Doom<\/strong>&nbsp;&#8211; Cave Guy invade un baile escolar y toma como reh\u00e9n, dejando a un h\u00e9roe para salvar el d\u00eda &#8230; desafortunadamente,&nbsp;<a href=\"https:\/\/en.wikipedia.org\/wiki\/Batman:_The_Animated_Series\">ese h\u00e9roe<\/a>&nbsp;est\u00e1 en&nbsp;<a href=\"https:\/\/en.wikipedia.org\/wiki\/Fox_Kids\">otra red<\/a>&nbsp;y, por lo tanto, Freakazoid debe salvar el d\u00eda.&nbsp;<br><strong>Handman<\/strong>&nbsp;&#8211; En una entrega de&nbsp;<em>The Sidekick Chronicles<\/em>&nbsp;, Freakazoid presenta a la red a su nuevo &#8220;compa\u00f1ero&#8221;, Handman, que se casa con Handgirl.<\/p>\n\n\n\n<hr class=\"wp-block-separator is-style-wide\"\/>\n\n\n\n<ul class=\"wp-block-list\"><li><em><strong>Fenomenoide &#8211; Temporada 01 Capitulo 02 &#8211; El velador<\/strong><\/em><\/li><\/ul>\n\n\n\n<iframe loading=\"lazy\" src=\"https:\/\/www.facebook.com\/plugins\/video.php?height=407&#038;href=https%3A%2F%2Fwww.facebook.com%2Flocomociontv%2Fvideos%2F516717815689145%2F&#038;show_text=true&#038;width=560\" width=\"560\" height=\"522\" style=\"border:none;overflow:hidden\" scrolling=\"no\" frameborder=\"0\" allowfullscreen=\"true\" allow=\"autoplay; clipboard-write; encrypted-media; picture-in-picture; web-share\" allowFullScreen=\"true\"><\/iframe>\n\n\n\n<p><strong>Candle Jack<\/strong>&nbsp;: presentado en&nbsp;<a href=\"https:\/\/en.wikipedia.org\/wiki\/Smell-O-Vision\">Scream-O-Vision<\/a>&nbsp;, en un viaje de campamento en Camp Wennamigunnagohome con Steff, Freakazoid se encuentra con el villano fantasmal Candle Jack, que secuestra y ata a cualquiera que diga su nombre.&nbsp;<br><strong>Toby Danger en Doomsday Bet<\/strong>&nbsp;&#8211; En una parodia de&nbsp;<em><a href=\"https:\/\/en.wikipedia.org\/wiki\/Jonny_Quest\">Jonny Quest<\/a><\/em>&nbsp;, la familia Danger debe evitar que un cient\u00edfico loco use el semiconductor m\u00e1s grande del mundo para apoderarse del mundo.&nbsp;<br><strong>El l\u00f3bulo<\/strong>&nbsp;: el l\u00f3bulo opera en un Freakazoid capturado para descubrir &#8220;qu\u00e9 lo hace funcionar&#8221;, solo para ser explotado por una bomba de la cabeza de Freakazoid.&nbsp;<\/p>\n\n\n\n<hr class=\"wp-block-separator is-style-wide\"\/>\n\n\n\n<ul class=\"wp-block-list\"><li><em><strong>Fenomenoide \u2013 Temporada 01 Capitulo 03 \u2013 Tontoide<\/strong><\/em><\/li><\/ul>\n\n\n\n<iframe loading=\"lazy\" src=\"https:\/\/www.facebook.com\/plugins\/video.php?height=407&#038;href=https%3A%2F%2Fwww.facebook.com%2Flocomociontv%2Fvideos%2F599360440923955%2F&#038;show_text=true&#038;width=560\" width=\"560\" height=\"522\" style=\"border:none;overflow:hidden\" scrolling=\"no\" frameborder=\"0\" allowfullscreen=\"true\" allow=\"autoplay; clipboard-write; encrypted-media; picture-in-picture; web-share\" allowFullScreen=\"true\"><\/iframe>\n\n\n\n<p><strong>Mo-Ron<\/strong>&nbsp;&#8211; Un&nbsp;<a href=\"https:\/\/en.wikipedia.org\/wiki\/Unidentified_flying_object\">ovni<\/a>&nbsp;llega a&nbsp;<a href=\"https:\/\/en.wikipedia.org\/wiki\/Washington,_D.C.\">Washington, DC<\/a>&nbsp;, lo que demuestra la existencia de vida &#8216;poco inteligente&#8217; en otros planetas.<br><strong>The Sewer Rescue<\/strong>&nbsp;&#8211; Lord Bravery responde a una llamada de ayuda desde un lugar bastante desagradable.<br><strong>La gran pregunta<\/strong>&nbsp;: otro extraterrestre llega a la Tierra en busca de la respuesta a una pregunta crucial.<br><strong>Las leyendas que almuerzan<\/strong>&nbsp;: varios superh\u00e9roes retirados cuentan historias sobre sus aventuras.<\/p>\n\n\n\n<hr class=\"wp-block-separator is-style-wide\"\/>\n\n\n\n<ul class=\"wp-block-list\"><li><strong><em>Fenomenoide \u2013 Temporada 01 Capitulo 04 \u2013 Y su nombre es Fanboy<\/em><\/strong><\/li><\/ul>\n\n\n\n<iframe loading=\"lazy\" src=\"https:\/\/www.facebook.com\/plugins\/video.php?height=407&#038;href=https%3A%2F%2Fwww.facebook.com%2Flocomociontv%2Fvideos%2F849316482234912%2F&#038;show_text=true&#038;width=560\" width=\"560\" height=\"522\" style=\"border:none;overflow:hidden\" scrolling=\"no\" frameborder=\"0\" allowfullscreen=\"true\" allow=\"autoplay; clipboard-write; encrypted-media; picture-in-picture; web-share\" allowFullScreen=\"true\"><\/iframe>\n\n\n\n<p><strong>And Fanboy Is His Name<\/strong>&nbsp;\u2013 Fanboy desires to become Freakazoid&#8217;s new sidekick&#8230;whether he likes it or not.<br><strong><a href=\"https:\/\/en.wikipedia.org\/wiki\/Garden_gnome\">Lawn Gnomes<\/a>: Chapter IV &#8211; Fun in the Sun<\/strong>&nbsp;\u2013 The origins of the prankish&nbsp;<a href=\"https:\/\/en.wikipedia.org\/wiki\/Garden_gnome\">Lawn Gnomes<\/a>&nbsp;are told.<br><strong>Frenching with Freakazoid<\/strong>&nbsp;\u2013 Freakazoid teaches how to say the words in French: &#8220;Qui a coup\u00e9 le fromage?&#8221; (Who cut the&nbsp;<a href=\"https:\/\/en.wikipedia.org\/wiki\/Cheese\">cheese<\/a>?)<\/p>\n\n\n\n<hr class=\"wp-block-separator is-style-wide\"\/>\n\n\n\n<ul class=\"wp-block-list\"><li><strong><em><a rel=\"noreferrer noopener\" href=\"https:\/\/www.facebook.com\/watchparty\/1509188969290636\/\" data-type=\"URL\" data-id=\"https:\/\/www.facebook.com\/watchparty\/1509188969290636\/\" target=\"_blank\">Fenomonoide! &#8211; Serie completa en Facebook<\/a><\/em><\/strong><\/li><\/ul>\n\n\n\n<iframe loading=\"lazy\" src=\"https:\/\/www.facebook.com\/plugins\/post.php?href=https%3A%2F%2Fwww.facebook.com%2Fpelado.emtv%2Fposts%2F1798146790359699&amp;show_text=true&amp;width=552&amp;appId=325365204297895&amp;height=630\" width=\"552\" height=\"630\" style=\"border:none;overflow:hidden\" scrolling=\"no\" frameborder=\"0\" allowfullscreen=\"true\" allow=\"autoplay; clipboard-write; encrypted-media; picture-in-picture; web-share\"><\/iframe>\n<p>Visits: 0<\/p>","protected":false},"excerpt":{"rendered":"<p>Fenomenoide &#8211; Temporada 01 Capitulo 01 &#8211; El baile del Final Pron\u00f3stico de cinco d\u00edas&nbsp;: Freakazoid anuncia el clima del d\u00eda, y se emociona cada vez m\u00e1s a medida que menciona un clima cada vez m\u00e1s peligroso.&nbsp;Luego, c\u00f3micamente, se calma.&nbsp;The Dance of Doom&nbsp;&#8211; Cave Guy invade un baile escolar y toma como reh\u00e9n, dejando a &hellip;<\/p>\n","protected":false},"author":1,"featured_media":17854,"parent":2,"menu_order":0,"comment_status":"closed","ping_status":"closed","template":"","meta":{"footnotes":""},"class_list":["post-17881","page","type-page","status-publish","has-post-thumbnail","hentry","post-bright","has-post-thumb"],"_links":{"self":[{"href":"https:\/\/locomociontv.org\/index.php?rest_route=\/wp\/v2\/pages\/17881","targetHints":{"allow":["GET"]}}],"collection":[{"href":"https:\/\/locomociontv.org\/index.php?rest_route=\/wp\/v2\/pages"}],"about":[{"href":"https:\/\/locomociontv.org\/index.php?rest_route=\/wp\/v2\/types\/page"}],"author":[{"embeddable":true,"href":"https:\/\/locomociontv.org\/index.php?rest_route=\/wp\/v2\/users\/1"}],"replies":[{"embeddable":true,"href":"https:\/\/locomociontv.org\/index.php?rest_route=%2Fwp%2Fv2%2Fcomments&post=17881"}],"version-history":[{"count":20,"href":"https:\/\/locomociontv.org\/index.php?rest_route=\/wp\/v2\/pages\/17881\/revisions"}],"predecessor-version":[{"id":19494,"href":"https:\/\/locomociontv.org\/index.php?rest_route=\/wp\/v2\/pages\/17881\/revisions\/19494"}],"up":[{"embeddable":true,"href":"https:\/\/locomociontv.org\/index.php?rest_route=\/wp\/v2\/pages\/2"}],"wp:featuredmedia":[{"embeddable":true,"href":"https:\/\/locomociontv.org\/index.php?rest_route=\/wp\/v2\/media\/17854"}],"wp:attachment":[{"href":"https:\/\/locomociontv.org\/index.php?rest_route=%2Fwp%2Fv2%2Fmedia&parent=17881"}],"curies":[{"name":"wp","href":"https:\/\/api.w.org\/{rel}","templated":true}]}}